{"id":10,"date":"2021-03-30T18:53:51","date_gmt":"2021-03-30T16:53:51","guid":{"rendered":"http:\/\/home-of-teamsport.de\/sv-steinbach\/agb\/"},"modified":"2021-05-12T21:36:45","modified_gmt":"2021-05-12T19:36:45","slug":"agb","status":"publish","type":"page","link":"https:\/\/handel-vereinsbedarf.de\/skv\/agb\/","title":{"rendered":"AGB"},"content":{"rendered":"\t\t<div data-elementor-type=\"wp-page\" data-elementor-id=\"10\" class=\"elementor elementor-10\" data-elementor-post-type=\"page\">\n\t\t\t\t\t\t<section class=\"elementor-section elementor-top-section elementor-element elementor-element-24f1dba2 elementor-section-boxed elementor-section-height-default elementor-section-height-default\" data-id=\"24f1dba2\" data-element_type=\"section\" data-e-type=\"section\">\n\t\t\t\t\t\t<div class=\"elementor-container elementor-column-gap-default\">\n\t\t\t\t\t<div class=\"elementor-column elementor-col-100 elementor-top-column elementor-element elementor-element-38b95c06\" data-id=\"38b95c06\" data-element_type=\"column\" data-e-type=\"column\">\n\t\t\t<div class=\"elementor-widget-wrap elementor-element-populated\">\n\t\t\t\t\t\t<div class=\"elementor-element elementor-element-4b9a9 elementor-widget elementor-widget-text-editor\" data-id=\"4b9a9\" data-element_type=\"widget\" data-e-type=\"widget\" data-widget_type=\"text-editor.default\">\n\t\t\t\t<div class=\"elementor-widget-container\">\n\t\t\t\t\t\t\t\t\t<p><\/p>\n<p><strong>Allgemeine Gesch\u00e4ftsbedingungen f\u00fcr einen Onlineshop<\/strong><\/p>\n<p><strong><strong>\u00a7&nbsp;<\/strong><strong>1<\/strong> Allgemeines<\/strong><br>(1) Diese Gesch\u00e4ftsbedingungen gelten f\u00fcr alle Vertr\u00e4ge, Lieferungen und sonstigen Leistungen der und alle zur Domain geh\u00f6renden Sub-Domains. Abweichende Vorschriften der Kunden gelten nicht, es sei denn, die Verk\u00e4uferin hat dies schriftlich best\u00e4tigt. Individuelle Abreden zwischen der Verk\u00e4uferin und den Kunden haben stets Vorrang.<br>(2) Die Gesch\u00e4ftsbeziehungen zwischen der Verk\u00e4uferin und den Kunden unterliegen dem Recht der Bundesrepublik Deutschland. Bei Verbrauchern gilt diese Rechtswahl nur insoweit, als nicht der gew\u00e4hrte Schutz durch zwingende Bestimmungen des Rechts des Staates, in dem der Verbraucher seinen gew\u00f6hnlichen Aufenthalt hat, entzogen wird. Die Geltung von UN Kaufrecht ist ausgeschlossen.<br>(3) Die Vertragssprache ist deutsch.<br>(4) Gerichtsstand ist , soweit der Kunde Kaufmann ist oder eine juristische Person des \u00f6ffentlichen Rechts oder \u00f6ffentlich-rechtliches Sonderverm\u00f6gen. Dasselbe gilt, wenn ein Kunde keinen allgemeinen Gerichtsstand in Deutschland hat oder der Wohnsitz oder gew\u00f6hnlichen Aufenthalt im Zeitpunkt der Klageerhebung nicht bekannt sind.<br>(5) Wir liefern in folgende L\u00e4nder: Deutschland.<br>(6) Kunden haben die M\u00f6glichkeit eine alternative Streitbeilegung zu nutzen. Der folgende Link der EU-Kommission (auch OS-Plattform genannt) enth\u00e4lt Informationen \u00fcber die Online-Streitschlichtung und dient als zentrale Anlaufstelle zur au\u00dfergerichtlichen Beilegung von Streitigkeiten, die aus Online-Kaufvertr\u00e4gen erwachsen: ec.europa.eu\/consumers\/odr.<\/p>\n<p><strong><strong>\u00a7&nbsp;<\/strong><strong>2<\/strong> Vertragsinhalte und Vertragsschluss<\/strong><br>(1) Der Verk\u00e4ufer bietet den Kunden im Onlineshop , zum Kauf an.<br>Der Kunde hat au\u00dferdem die M\u00f6glichkeit, telefonisch oder per E-Mail, Fax oder Brief bei der Verk\u00e4uferin wegen eines bestimmten Artikels anzufragen. Nach Erhalt einer solchen Anfrage unterbreitet die Verk\u00e4uferin dem Kunden ein entsprechendes Angebot per E-Mail, Brief oder Fax. Ein Vertrag kommt erst dann zustande, wenn der Kunde dieses Angebot annimmt.<\/p>\n<p><\/p>\n<p><strong><strong>\u00a7&nbsp;<\/strong><strong>3<\/strong> Preise, Versandkosten, Umsatzsteuer und Zahlung<\/strong><br>(1) Bei Bestellungen \u00fcber den Onlineshop gelten die dort angegebenen Preise. Der Verk\u00e4ufer macht von der Kleinunternehmerregelung nach \u00a7 19 UStG Gebrauch und weist deshalb keine Umsatzsteuer aus. S\u00e4mtliche Preise sind Endpreise.<br>Die H\u00f6he der Versandkosten h\u00e4ngt vom Gewicht und den Abma\u00dfen der Ware ab sowie vom gew\u00fcnschten Ziel: siehe<br>(3) Die Belieferung der Kunden durch die die Verk\u00e4uferin erfolgt nach Wunsch des Kunden gegen folgende Zahlungsmethoden: Vorkasse (.<br>W\u00e4hlt der Kunde Vorkasse per \u00dcberweisung, so ist die Zahlung sp\u00e4testens Kalendertage nach Vertragsschluss f\u00e4llig.<br>Bei Lieferung auf Rechnung ist die Zahlung sp\u00e4testens Kalendertage nach Rechnungsstellung f\u00e4llig.<br>Erfolgt die Zahlung per Nachnahme, so ist der Kaufpreis zzgl. Versandkosten und Nachnahmegeb\u00fchren bei Anlieferung und Vorlage des Nachnahmescheins durch das beauftragte Transportunternehmen f\u00e4llig.<br>(4) Kommt ein Kunde mit seinen Zahlungsverpflichtungen in Verzug, so kann der Verk\u00e4ufer Schadensersatz nach den gesetzlichen Bestimmungen verlangen und \/ oder vom Vertrag zur\u00fccktreten.<br>(5) Der Verk\u00e4ufer stellt dem Kunden stets eine Rechnung aus, die ihm bei Lieferung der Ware ausgeh\u00e4ndigt wird oder sonst in Textform zugeht.<\/p>\n<p><strong><strong>\u00a7&nbsp;<\/strong><strong>4<\/strong> Lieferung und Gefahr\u00fcbergang<\/strong><br>(1) Die bestellten Waren werden, sofern vertraglich nicht abweichend vereinbart, an die vom Kunden angegebene Adresse geliefert. Die Lieferung erfolgt .<br>(2) Die Verf\u00fcgbarkeit der einzelnen Waren ist in den Artikelbeschreibungen angegeben. Am Lager vorhandene Ware versendet der Verk\u00e4ufer, sofern nicht ausdr\u00fccklich abweichend vereinbart, innerhalb von Werktagen nach Zahlungseingang). Ist bei einem Verkauf \u00fcber den Online-Shop die Ware als nicht vorr\u00e4tig gekennzeichnet, so bem\u00fcht sich der Verk\u00e4ufer um eine schnellstm\u00f6gliche Lieferung. Angaben des Verk\u00e4ufers zur Lieferfrist sind unverbindlich, sofern nicht ausnahmsweise der Liefertermin vom Verk\u00e4ufer verbindlich zugesagt wurde.<br>(3) Der Verk\u00e4ufer beh\u00e4lt sich vor, eine Teillieferung vorzunehmen, sofern dies f\u00fcr eine z\u00fcgige Abwicklung vorteilhaft erscheint und die Teillieferung f\u00fcr den Kunden nicht ausnahmsweise unzumutbar ist. Durch Teillieferungen entstehende Mehrkosten werden dem Kunden nicht in Rechnung gestellt.<\/p>\n<p><strong><strong>\u00a7&nbsp;<\/strong><strong>5<\/strong> Eigentumsvorbehalt<\/strong><br>Die gelieferten Waren bleiben bis zur Erf\u00fcllung aller Forderungen aus dem Vertrag im Eigentum des Verk\u00e4ufers; im Fall, dass der Kunde eine juristische Person des \u00f6ffentlichen Rechts, ein \u00f6ffentlich-rechtliches Sonderverm\u00f6gen oder ein Unternehmer in Aus\u00fcbung seiner gewerblichen oder selbstst\u00e4ndigen beruflichen T\u00e4tigkeit ist, auch dar\u00fcber hinaus aus der laufenden Gesch\u00e4ftsbeziehung bis zum Ausgleich aller Forderungen, die dem Verk\u00e4ufer im Zusammenhang mit dem Vertrag zustehen.<\/p>\n<p><strong><strong>\u00a7&nbsp;<\/strong><strong>6<\/strong> Zur\u00fcckbehaltungsrecht<\/strong><br>Zur Aus\u00fcbung eines Zur\u00fcckbehaltungsrechts ist der Kunde nur insoweit befugt, als sein Gegenanspruch auf demselben Vertragsverh\u00e4ltnis beruht.<\/p>\n<p><strong><strong>\u00a7&nbsp;<\/strong><strong>7<\/strong> Haftung f\u00fcr Sach- und Rechtsm\u00e4ngel<\/strong><br>(1) Soweit M\u00e4ngel vorliegen, stehen dem Kunden nach Ma\u00dfgabe der folgenden Bestimmungen die gesetzlichen Gew\u00e4hrleistungsrechte zu.<br>(2) Sch\u00e4den, die durch unsachgem\u00e4\u00dfe Handlungen des Kunden bei Aufstellung, Anschluss, Bedienung oder Lagerung der Ware hervorgerufen werden, begr\u00fcnden keinen Gew\u00e4hrleistungsanspruch gegen den Verk\u00e4ufer.<br>Hinweise zur ordnungsgem\u00e4\u00dfen Behandlung kann der Kunde den Herstellerbeschreibungen entnehmen.<br>(3) M\u00e4ngel sind vom Kunden innerhalb einer Gew\u00e4hrleistungsfrist von zwei Jahren bei neuen Sachen bzw. von einem Jahr bei gebrauchten Sachen gegen\u00fcber dem Verk\u00e4ufer zu r\u00fcgen.<br>Die vorstehenden Haftungsbeschr\u00e4nkungen gelten nicht, soweit der Verk\u00e4ufer einen Mangel arglistig verschwiegen oder eine Garantie f\u00fcr die Beschaffenheit der Ware \u00fcbernommen hat. Die vorstehenden Haftungsbeschr\u00e4nkungen gelten auch nicht f\u00fcr Schadensersatzanspr\u00fcche des Kunden, die auf Ersatz eines K\u00f6per- oder Gesundheitsschadens wegen eines vom Verk\u00e4ufer zu vertretenden Mangels gerichtet oder die auf vors\u00e4tzliches oder grob fahrl\u00e4ssiges Verschulden des Verk\u00e4ufers oder seiner Erf\u00fcllungsgehilfen gest\u00fctzt sind.<br>Die vorstehenden Verk\u00fcrzungen gelten nicht f\u00fcr M\u00e4ngel eines Bauwerks oder einer Sache, die entsprechend ihrer \u00fcblichen Verwendungsweise f\u00fcr ein Bauwerk verwendet worden ist und dessen Mangelhaftigkeit verursacht hat. Die vorstehenden Verk\u00fcrzungen gelten auch nicht, soweit der Verk\u00e4ufer einen Mangel arglistig verschwiegen oder eine Garantie f\u00fcr die Beschaffenheit der Ware \u00fcbernommen hat, und nicht f\u00fcr Schadensersatzanspr\u00fcche des Kunden, die auf Ersatz eines K\u00f6rper- oder Gesundheitsschadens wegen eines vom Verk\u00e4ufer zu vertretenden Mangels gerichtet oder die auf vors\u00e4tzliches oder grob fahrl\u00e4ssiges Verschulden des Verk\u00e4ufers oder seiner Erf\u00fcllungsgehilfen gest\u00fctzt sind.<br>(4) Liegen M\u00e4ngel vor und wurden diese rechtzeitig geltend gemacht, ist der Verk\u00e4ufer zur Nacherf\u00fcllung berechtigt. Schl\u00e4gt die Nacherf\u00fcllung fehl, ist der Kunde berechtigt, den Kaufpreis zu mindern oder vom Vertrag zur\u00fcckzutreten. Im \u00dcbrigen gelten die gesetzlichen Bestimmungen.<\/p>\n<p><strong><strong>\u00a7&nbsp;<\/strong><strong>8<\/strong> Informationspflichten bei Transportsch\u00e4den<\/strong><br>Werden Waren mit offensichtlichen Sch\u00e4den an der Verpackung oder am Inhalt angeliefert, so soll der Kunde dies unbeschadet seiner Gew\u00e4hrleistungsrechte (\u00a7 7) sofort beim Spediteur\/Frachtdienst reklamieren und unverz\u00fcglich durch eine E-Mail oder auf sonstige Weise (Fax\/Post) mit dem Verk\u00e4ufer Kontakt aufnehmen, damit dieser etwaige Rechte gegen\u00fcber dem Spediteur\/ Frachtdienst wahren kann.<\/p>\n<p><\/p>\n<p><strong><strong>\u00a7&nbsp;<\/strong><strong>9<\/strong> Haftungsausschluss<\/strong><br>(1) Au\u00dferhalb der Haftung f\u00fcr Sach- und Rechtsm\u00e4ngel haftet der Verk\u00e4ufer unbeschr\u00e4nkt, soweit die Schadensursache auf Vorsatz oder grober Fahrl\u00e4ssigkeit beruht. Er haftet auch f\u00fcr die leicht fahrl\u00e4ssige Verletzung von wesentlichen Pflichten (Pflichten, deren Verletzung die Erreichung des Vertragszwecks gef\u00e4hrdet) sowie f\u00fcr die Verletzung von Kardinalpflichten (Pflichten, deren Erf\u00fcllung die ordnungsgem\u00e4\u00dfe Durchf\u00fchrung des Vertrages \u00fcberhaupt erst erm\u00f6glicht und auf deren Einhaltung der Kunde regelm\u00e4\u00dfig vertraut), jedoch jeweils nur f\u00fcr den vorhersehbaren, vertragstypischen Schaden. F\u00fcr die leicht fahrl\u00e4ssige Verletzung anderer als der vorstehenden Pflichten haftet der Verk\u00e4ufer nicht.<br>(2) Die Haftungsbeschr\u00e4nkungen des vorstehenden Absatzes gelten nicht bei der Verletzung von Leben, K\u00f6rper und Gesundheit, f\u00fcr einen Mangel nach \u00dcbernahme einer Garantie f\u00fcr die Beschaffenheit des Produktes und bei arglistig verschwiegenen M\u00e4ngeln. Die Haftung nach dem Produkthaftungsgesetz bleibt unber\u00fchrt.<br>(3) Ist die Haftung des Verk\u00e4ufers ausgeschlossen oder beschr\u00e4nkt, so gilt dies ebenfalls f\u00fcr die pers\u00f6nliche Haftung seiner Angestellten, Vertreter und Erf\u00fcllungsgehilfen.<\/p>\n<p><strong>Widerrufsbelehrung<\/strong><br><br><strong>Widerrufsrecht<\/strong><br>Sie haben das Recht, binnen vierzehn Tagen ohne Angabe von Gr\u00fcnden diesen Vertrag zu widerrufen.<br>Die Widerrufsfrist betr\u00e4gt vierzehn Tage ab dem Tag, an dem Sie oder ein von Ihnen benannter Dritter, der nicht der Bef\u00f6rderer ist, die Waren in Besitz genommen haben bzw. hat.<br>Um Ihr Widerrufsrecht auszu\u00fcben, m\u00fcssen Sie uns mittels einer eindeutigen Erkl\u00e4rung (z.B. ein mit der Post versandter Brief, Telefax oder E-Mail) \u00fcber Ihren Entschluss, diesen Vertrag zu widerrufen, informieren. Sie k\u00f6nnen daf\u00fcr das beigef\u00fcgte Muster-Widerrufsformular verwenden, das jedoch nicht vorgeschrieben ist.<br>Sie k\u00f6nnen das Muster-Widerrufsformular oder eine andere eindeutige Erkl\u00e4rung auch auf unserer Webseite elektronisch ausf\u00fcllen und \u00fcbermitteln. Machen Sie von dieser M\u00f6glichkeit Gebrauch, so werden wir Ihnen unverz\u00fcglich (z. B. per E-Mail) eine Best\u00e4tigung \u00fcber den Eingang eines solchen Widerrufs \u00fcbermitteln.<br>Zur Wahrung der Widerrufsfrist reicht es aus, dass Sie die Mitteilung \u00fcber die Aus\u00fcbung des Widerrufsrechts vor Ablauf der Widerrufsfrist absenden.<\/p>\n<p><strong>Folgen des Widerrufs<\/strong><br>Wenn Sie diesen Vertrag widerrufen, haben wir Ihnen alle Zahlungen, die wir von Ihnen erhalten haben, einschlie\u00dflich der Lieferkosten (mit Ausnahme der zus\u00e4tzlichen Kosten, die sich daraus ergeben, dass Sie eine andere Art der Lieferung als die von uns angebotene, g\u00fcnstigste Standardlieferung gew\u00e4hlt haben), unverz\u00fcglich und sp\u00e4testens binnen vierzehn Tagen ab dem Tag zur\u00fcckzuzahlen, an dem die Mitteilung \u00fcber Ihren Widerruf dieses Vertrags bei uns eingegangen ist. F\u00fcr diese R\u00fcckzahlung verwenden wir dasselbe Zahlungsmittel, das Sie bei der urspr\u00fcnglichen Transaktion eingesetzt haben, es sei denn, mit Ihnen wurde ausdr\u00fccklich etwas anderes vereinbart; in keinem Fall werden Ihnen wegen dieser R\u00fcckzahlung Entgelte berechnet. Wir k\u00f6nnen die R\u00fcckzahlung verweigern, bis wir die Waren wieder zur\u00fcckerhalten haben oder bis Sie den Nachweis erbracht haben, dass Sie die Waren zur\u00fcckgesandt haben, je nachdem, welches der fr\u00fchere Zeitpunkt ist.<br>Sie haben die Waren unverz\u00fcglich und in jedem Fall sp\u00e4testens binnen vierzehn Tagen ab dem Tag, an dem Sie uns \u00fcber den Widerruf dieses Vertrags unterrichten, an uns oder an ___________________________________ [hier sind gegebenenfalls der Name und die Anschrift der von Ihnen zur Entgegennahme der Waren erm\u00e4chtigten Person einzuf\u00fcgen] zur\u00fcckzusenden oder zu \u00fcbergeben. Die Frist ist gewahrt, wenn Sie die Waren vor Ablauf der Frist von vierzehn Tagen absenden. Sie tragen die unmittelbaren Kosten der R\u00fccksendung der Waren.<br>Sie m\u00fcssen f\u00fcr einen etwaigen Wertverlust der Waren nur aufkommen, wenn dieser Wertverlust auf einen zur Pr\u00fcfung der Beschaffenheit, Eigenschaften und Funktionsweise der Waren nicht notwendigen Umgang mit ihnen zur\u00fcckzuf\u00fchren ist.<\/p>\n<p><strong>Widerrufsformular<\/strong><br>Wenn Sie den Vertrag widerrufen wollen, dann f\u00fcllen Sie bitte dieses Formular aus und senden Sie es uns zur\u00fcck:<\/p>\n<p><\/p>\n<p>An :<\/p>\n<p><\/p>\n<p>Hiermit widerrufe(n) ich\/wir (*) den von mir\/uns (*) abgeschlossenen Vertrag \u00fcber den Kauf der folgenden Waren (*)\/ die Erbringung der folgenden Dienstleistung (*) &#8230;&#8230;&#8230;&#8230;&#8230;&#8230;&#8230;&#8230;&#8230;&#8230;&#8230;&#8230;.<br>Bestellt am (*)\/ erhalten am (*) &#8230;&#8230;&#8230;&#8230;&#8230;&#8230;&#8230;.<br>Name des\/ der Verbraucher(s) &#8230;&#8230;&#8230;&#8230;&#8230;&#8230;&#8230;&#8230;&#8230;<br>Anschrift des\/ der Verbraucher(s) &#8230;&#8230;&#8230;&#8230;&#8230;&#8230;&#8230;&#8230;&#8230;<br>Unterschrift des\/ der Verbraucher(s) (nur bei Mitteilung auf Papier) &#8230;&#8230;&#8230;&#8230;&#8230;&#8230;&#8230;&#8230;&#8230;<br>Datum &#8230;&#8230;&#8230;&#8230;&#8230;&#8230;&#8230;&#8230;&#8230;<br>&#8230;&#8230;&#8230;&#8230;&#8230;&#8230;&#8230;&#8230;&#8230;<br>(*) Unzutreffendes streichen.<\/p>\n<p><\/p>\t\t\t\t\t\t\t\t<\/div>\n\t\t\t\t<\/div>\n\t\t\t\t\t<\/div>\n\t\t<\/div>\n\t\t\t\t\t<\/div>\n\t\t<\/section>\n\t\t\t\t<\/div>\n\t\t","protected":false},"excerpt":{"rendered":"<p>Allgemeine Gesch\u00e4ftsbedingungen f\u00fcr einen Onlineshop \u00a7&nbsp;1 Allgemeines(1) Diese Gesch\u00e4ftsbedingungen gelten f\u00fcr alle Vertr\u00e4ge, Lieferungen und sonstigen Leistungen der und alle zur Domain geh\u00f6renden Sub-Domains. Abweichende Vorschriften der Kunden gelten nicht, es sei denn, die Verk\u00e4uferin hat dies schriftlich best\u00e4tigt. Individuelle Abreden zwischen der Verk\u00e4uferin und den Kunden haben stets Vorrang.(2) Die Gesch\u00e4ftsbeziehungen zwischen der Verk\u00e4uferin [&hellip;]<\/p>\n","protected":false},"author":1,"featured_media":0,"parent":0,"menu_order":0,"comment_status":"closed","ping_status":"closed","template":"","meta":{"footnotes":""},"class_list":["post-10","page","type-page","status-publish","hentry"],"_links":{"self":[{"href":"https:\/\/handel-vereinsbedarf.de\/skv\/wp-json\/wp\/v2\/pages\/10","targetHints":{"allow":["GET"]}}],"collection":[{"href":"https:\/\/handel-vereinsbedarf.de\/skv\/wp-json\/wp\/v2\/pages"}],"about":[{"href":"https:\/\/handel-vereinsbedarf.de\/skv\/wp-json\/wp\/v2\/types\/page"}],"author":[{"embeddable":true,"href":"https:\/\/handel-vereinsbedarf.de\/skv\/wp-json\/wp\/v2\/users\/1"}],"replies":[{"embeddable":true,"href":"https:\/\/handel-vereinsbedarf.de\/skv\/wp-json\/wp\/v2\/comments?post=10"}],"version-history":[{"count":11,"href":"https:\/\/handel-vereinsbedarf.de\/skv\/wp-json\/wp\/v2\/pages\/10\/revisions"}],"predecessor-version":[{"id":486,"href":"https:\/\/handel-vereinsbedarf.de\/skv\/wp-json\/wp\/v2\/pages\/10\/revisions\/486"}],"wp:attachment":[{"href":"https:\/\/handel-vereinsbedarf.de\/skv\/wp-json\/wp\/v2\/media?parent=10"}],"curies":[{"name":"wp","href":"https:\/\/api.w.org\/{rel}","templated":true}]}}