{"id":11,"date":"2021-03-30T18:53:51","date_gmt":"2021-03-30T16:53:51","guid":{"rendered":"http:\/\/home-of-teamsport.de\/sv-steinbach\/widerrufsbelehrung\/"},"modified":"2021-04-26T17:42:14","modified_gmt":"2021-04-26T15:42:14","slug":"widerrufsbelehrung","status":"publish","type":"page","link":"https:\/\/handel-vereinsbedarf.de\/skv\/widerrufsbelehrung\/","title":{"rendered":"Widerrufsbelehrung"},"content":{"rendered":"\t\t<div data-elementor-type=\"wp-page\" data-elementor-id=\"11\" class=\"elementor elementor-11\" data-elementor-post-type=\"page\">\n\t\t\t\t\t\t<section class=\"elementor-section elementor-top-section elementor-element elementor-element-a5e827a elementor-section-boxed elementor-section-height-default elementor-section-height-default\" data-id=\"a5e827a\" data-element_type=\"section\" data-e-type=\"section\">\n\t\t\t\t\t\t<div class=\"elementor-container elementor-column-gap-default\">\n\t\t\t\t\t<div class=\"elementor-column elementor-col-100 elementor-top-column elementor-element elementor-element-1a79a20\" data-id=\"1a79a20\" data-element_type=\"column\" data-e-type=\"column\">\n\t\t\t<div class=\"elementor-widget-wrap elementor-element-populated\">\n\t\t\t\t\t\t<div class=\"elementor-element elementor-element-a86389e elementor-widget elementor-widget-text-editor\" data-id=\"a86389e\" data-element_type=\"widget\" data-e-type=\"widget\" data-widget_type=\"text-editor.default\">\n\t\t\t\t<div class=\"elementor-widget-container\">\n\t\t\t\t\t\t\t\t\t<p><b>Widerrufsbelehrung<\/b><\/p>\n<p>&nbsp;<\/p>\n<p><b>Widerrufsrecht<\/b><\/p>\n<p>&nbsp;<\/p>\n<p>Sie haben das Recht, binnen vierzehn Tagen ohne Angabe von Gr\u00fcnden diesen Vertrag zu widerrufen.\n<\/p>\n<p>&nbsp;<\/p>\n<p>Die Widerrufsfrist betr\u00e4gt vierzehn Tage ab dem Tag, an<br>dem Sie oder ein von Ihnen benannter Dritter, der nicht der Bef\u00f6rderer<br>ist, die Waren in Besitz genommen haben bzw. hat.\n<\/p>\n<p>&nbsp;<\/p>\n<p>Um Ihr Widerrufsrecht auszu\u00fcben, m\u00fcssen Sie uns (<i>F\u00fcgen Sie Ihren Namen, Anschrift und, soweit verf\u00fcgbar, Ihre Telefonnummer, Telefaxnummer und E-Mail-Adresse ein.) <\/i>mittels<br> einer eindeutigen Erkl\u00e4rung (z.B. ein mit der Post versandter Brief,<br>Telefax oder E-Mail) \u00fcber Ihren Entschluss, diesen Vertrag zu<br>widerrufen, informieren. Sie k\u00f6nnen daf\u00fcr das beigef\u00fcgte<br>Muster-Widerrufsformular verwenden, das jedoch nicht vorgeschrieben ist.\n<\/p>\n<p>&nbsp;<\/p>\n<p>Sie k\u00f6nnen das Muster-Widerrufsformular oder eine andere<br>eindeutige Erkl\u00e4rung auch auf unserer Webseite [Internet-Adresse<br>einf\u00fcgen] elektronisch ausf\u00fcllen und \u00fcbermitteln. Machen Sie von dieser<br>M\u00f6glichkeit Gebrauch, so werden wir Ihnen unverz\u00fcglich (z. B. per<br>E-Mail) eine Best\u00e4tigung \u00fcber den Eingang eines solchen Widerrufs<br>\u00fcbermitteln.\n<\/p>\n<p>&nbsp;<\/p>\n<p>Zur Wahrung der Widerrufsfrist reicht es aus, dass Sie<br>die Mitteilung \u00fcber die Aus\u00fcbung des Widerrufsrechts vor Ablauf der<br>Widerrufsfrist absenden.\n<\/p>\n<p>&nbsp;<\/p>\n<p><strong>Vom Widerruf ausgeschlossene Artikel<br><\/strong>Alle<br>Artikel, die nach Abschluss der Bestellung individuell f\u00fcr Kunden<br>herstellt werden, sind vom Austausch ausgeschlossen. Das sind Artikel,<br>bei denen die Farbe, Gr\u00f6\u00dfe, Namen und Logos angegeben werden.<br><\/p>\n<p>Nach \u00a7 312g Abs. 2 Nr. 1<br>BGB&nbsp; besteht Widerrufsrecht nicht bei folgenden Vertr\u00e4gen:<\/p>\n<p>Vertr\u00e4ge zur Lieferung von Waren, die nicht vorgefertigt sind und f\u00fcr<br>\nderen Herstellung eine individuelle Auswahl oder Bestimmung durch den<br>\nVerbraucher ma\u00dfgeblich ist oder die eindeutig auf die pers\u00f6nlichen<br>\nBed\u00fcrfnisse des Verbrauchers zugeschnitten sind,<\/p><br><p><strong><\/strong><\/p>\n<p><b>Folgen des Widerrufs<\/b><\/p>\n<p>&nbsp;<\/p>\n<p>Wenn Sie diesen<br> Vertrag widerrufen, haben wir Ihnen alle Zahlungen, die wir von Ihnen<br>erhalten haben, einschlie\u00dflich der Lieferkosten (mit Ausnahme der<br>zus\u00e4tzlichen Kosten, die sich daraus ergeben, dass Sie eine andere Art<br>der Lieferung als die von uns angebotene, g\u00fcnstigste Standardlieferung<br>gew\u00e4hlt haben), unverz\u00fcglich und sp\u00e4testens binnen vierzehn Tagen ab dem<br> Tag zur\u00fcckzuzahlen, an dem die Mitteilung \u00fcber Ihren Widerruf dieses<br>Vertrags bei uns eingegangen ist. F\u00fcr diese R\u00fcckzahlung verwenden wir<br>dasselbe Zahlungsmittel, das Sie bei der urspr\u00fcnglichen Transaktion<br>eingesetzt haben, es sei denn, mit Ihnen wurde ausdr\u00fccklich etwas<br>anderes vereinbart; in keinem Fall werden Ihnen wegen dieser R\u00fcckzahlung<br> Entgelte berechnet. Wir k\u00f6nnen die R\u00fcckzahlung verweigern, bis wir die<br>Waren wieder zur\u00fcckerhalten haben oder bis Sie den Nachweis erbracht<br>haben, dass Sie die Waren zur\u00fcckgesandt haben, je nachdem, welches der<br>fr\u00fchere Zeitpunkt ist.\n<\/p>\n<p>&nbsp;<\/p>\n<p>Sie haben die Waren unverz\u00fcglich und in jedem Fall<br>sp\u00e4testens binnen vierzehn Tagen ab dem Tag, an dem Sie uns \u00fcber den<br>Widerruf dieses Vertrags unterrichten, an \u2026 uns oder an [hier sind<br>gegebenenfalls der Name und die Anschrift der von Ihnen zur<br>Entgegennahme der Waren erm\u00e4chtigten Person einzuf\u00fcgen] zur\u00fcckzusenden<br>oder zu \u00fcbergeben. Die Frist ist gewahrt, wenn Sie die Waren vor Ablauf<br>der Frist von vierzehn Tagen absenden. Sie tragen die unmittelbaren<br>Kosten der R\u00fccksendung der Waren.\n<\/p>\n<p>&nbsp;<\/p>\n<p>Sie m\u00fcssen f\u00fcr einen etwaigen Wertverlust der Waren nur<br>aufkommen, wenn dieser Wertverlust auf einen zur Pr\u00fcfung der<br>Beschaffenheit, Eigenschaften und Funktionsweise der Waren nicht<br>notwendigen Umgang mit ihnen zur\u00fcckzuf\u00fchren ist. <\/p>\n<p>&nbsp;<\/p>\n<p>&nbsp;<\/p>\n<p>&nbsp;<\/p>\n<p><b>Widerrufsformular<\/b><\/p>\n<p>&nbsp;<\/p>\n<p>(Wenn Sie den Vertrag widerrufen wollen, dann f\u00fcllen Sie bitte dieses Formular aus und senden Sie es uns zur\u00fcck.)\n<\/p>\n<p>&#8211;&nbsp;&nbsp;&nbsp;&nbsp;&nbsp;&nbsp; An [<i>hier ist der Name, die Anschrift und<br>gegebenenfalls die Telefaxnummer und E-Mail-Adresse des Unternehmers<br>durch den Unternehmer einzuf\u00fcgen<\/i>]:\n<\/p>\n<p>&#8211;&nbsp;&nbsp;&nbsp;&nbsp;&nbsp;&nbsp; Hiermit widerrufe(n) ich\/wir (*) den von mir\/uns (*) abgeschlossenen Vertrag \u00fcber <i>den Kauf der folgenden Waren<\/i> (*)\/ die Erbringung der folgenden Dienstleistung (*)\n<\/p>\n<p>&#8211;&nbsp;&nbsp;&nbsp;&nbsp;&nbsp;&nbsp; Bestellt am (*)\/ erhalten am (*)\n<\/p>\n<p>&#8211;&nbsp;&nbsp;&nbsp;&nbsp;&nbsp;&nbsp; Name des\/ der Verbraucher(s)\n<\/p>\n<p>&#8211;&nbsp;&nbsp;&nbsp;&nbsp;&nbsp;&nbsp; Anschrift des\/ der Verbraucher(s)\n<\/p>\n<p>&#8211;&nbsp;&nbsp;&nbsp;&nbsp;&nbsp;&nbsp; Unterschrift des\/ der Verbraucher(s) (nur bei Mitteilung auf Papier)\n<\/p>\n<p>&#8211;&nbsp;&nbsp;&nbsp;&nbsp;&nbsp;&nbsp; Datum\n<\/p>\n<p>&nbsp;<\/p>\n<p>_______________________\n<\/p>\n<p>(*) Unzutreffendes streichen.\n<\/p>\n<p><br><\/p>\t\t\t\t\t\t\t\t<\/div>\n\t\t\t\t<\/div>\n\t\t\t\t\t<\/div>\n\t\t<\/div>\n\t\t\t\t\t<\/div>\n\t\t<\/section>\n\t\t\t\t<\/div>\n\t\t","protected":false},"excerpt":{"rendered":"<p>Widerrufsbelehrung &nbsp; Widerrufsrecht &nbsp; Sie haben das Recht, binnen vierzehn Tagen ohne Angabe von Gr\u00fcnden diesen Vertrag zu widerrufen. &nbsp; Die Widerrufsfrist betr\u00e4gt vierzehn Tage ab dem Tag, andem Sie oder ein von Ihnen benannter Dritter, der nicht der Bef\u00f6rdererist, die Waren in Besitz genommen haben bzw. hat. &nbsp; Um Ihr Widerrufsrecht auszu\u00fcben, m\u00fcssen Sie [&hellip;]<\/p>\n","protected":false},"author":1,"featured_media":0,"parent":0,"menu_order":0,"comment_status":"closed","ping_status":"closed","template":"","meta":{"footnotes":""},"class_list":["post-11","page","type-page","status-publish","hentry"],"_links":{"self":[{"href":"https:\/\/handel-vereinsbedarf.de\/skv\/wp-json\/wp\/v2\/pages\/11","targetHints":{"allow":["GET"]}}],"collection":[{"href":"https:\/\/handel-vereinsbedarf.de\/skv\/wp-json\/wp\/v2\/pages"}],"about":[{"href":"https:\/\/handel-vereinsbedarf.de\/skv\/wp-json\/wp\/v2\/types\/page"}],"author":[{"embeddable":true,"href":"https:\/\/handel-vereinsbedarf.de\/skv\/wp-json\/wp\/v2\/users\/1"}],"replies":[{"embeddable":true,"href":"https:\/\/handel-vereinsbedarf.de\/skv\/wp-json\/wp\/v2\/comments?post=11"}],"version-history":[{"count":6,"href":"https:\/\/handel-vereinsbedarf.de\/skv\/wp-json\/wp\/v2\/pages\/11\/revisions"}],"predecessor-version":[{"id":407,"href":"https:\/\/handel-vereinsbedarf.de\/skv\/wp-json\/wp\/v2\/pages\/11\/revisions\/407"}],"wp:attachment":[{"href":"https:\/\/handel-vereinsbedarf.de\/skv\/wp-json\/wp\/v2\/media?parent=11"}],"curies":[{"name":"wp","href":"https:\/\/api.w.org\/{rel}","templated":true}]}}