{"id":12,"date":"2021-03-30T18:53:51","date_gmt":"2021-03-30T16:53:51","guid":{"rendered":"http:\/\/home-of-teamsport.de\/sv-steinbach\/versandarten\/"},"modified":"2021-04-26T18:03:31","modified_gmt":"2021-04-26T16:03:31","slug":"versandarten","status":"publish","type":"page","link":"https:\/\/handel-vereinsbedarf.de\/skv\/versandarten\/","title":{"rendered":"Versandarten"},"content":{"rendered":"\t\t<div data-elementor-type=\"wp-page\" data-elementor-id=\"12\" class=\"elementor elementor-12\" data-elementor-post-type=\"page\">\n\t\t\t\t\t\t<section class=\"elementor-section elementor-top-section elementor-element elementor-element-aec5893 elementor-section-boxed elementor-section-height-default elementor-section-height-default\" data-id=\"aec5893\" data-element_type=\"section\" data-e-type=\"section\">\n\t\t\t\t\t\t<div class=\"elementor-container elementor-column-gap-default\">\n\t\t\t\t\t<div class=\"elementor-column elementor-col-100 elementor-top-column elementor-element elementor-element-8326d25\" data-id=\"8326d25\" data-element_type=\"column\" data-e-type=\"column\">\n\t\t\t<div class=\"elementor-widget-wrap\">\n\t\t\t\t\t\t\t<\/div>\n\t\t<\/div>\n\t\t\t\t\t<\/div>\n\t\t<\/section>\n\t\t\t\t<section class=\"elementor-section elementor-top-section elementor-element elementor-element-35d8e87 elementor-section-boxed elementor-section-height-default elementor-section-height-default\" data-id=\"35d8e87\" data-element_type=\"section\" data-e-type=\"section\">\n\t\t\t\t\t\t<div class=\"elementor-container elementor-column-gap-default\">\n\t\t\t\t\t<div class=\"elementor-column elementor-col-100 elementor-top-column elementor-element elementor-element-e107d6d\" data-id=\"e107d6d\" data-element_type=\"column\" data-e-type=\"column\">\n\t\t\t<div class=\"elementor-widget-wrap elementor-element-populated\">\n\t\t\t\t\t\t<div class=\"elementor-element elementor-element-6f649b0 elementor-widget elementor-widget-text-editor\" data-id=\"6f649b0\" data-element_type=\"widget\" data-e-type=\"widget\" data-widget_type=\"text-editor.default\">\n\t\t\t\t<div class=\"elementor-widget-container\">\n\t\t\t\t\t\t\t\t\t<p>Versandbedingungen<\/p><p>Die Lieferung erfolgt innerhalb Deutschlands und in die nachstehenden L\u00e4nder: Albanien, Belgien, Bosnien und Herzegowina, Bulgarien, D\u00e4nemark, Estland, Finnland, Frankreich, Griechenland, Gro\u00dfbritannien, Irland, Island, Italien, Kasachstan, Mongolei, Kosovo, Kroatien, Lettland, Liechtenstein, Litauen, Luxemburg, Malta, Mazedonien, Moldawien, Montenegro, Niederlande, Norwegen, \u00d6sterreich, Polen, Rum\u00e4nien, Russland, Schweden, Schweiz, Serbien, Slowakei, Slowenien, Spanien, Tschechien, T\u00fcrkei, Ukraine, Ungarn, Wei\u00dfrussland.<\/p><p>Versandkosten (inklusive gesetzliche Mehrwertsteuer)<\/p><p>Lieferungen im Inland (Deutschland):<\/p><p>Wir berechnen die Versandkosten pauschal mit 4,50 \u20ac pro Bestellung.<\/p><p>Lieferungen ins Ausland:<\/p><p>Lieferfristen<\/p><p>Soweit im jeweiligen Angebot keine andere Frist angegeben ist, erfolgt die Lieferung der Ware im Inland (Deutschland) innerhalb von 1-2 Tagen.<br \/>Beachten Sie, dass an Sonn- und Feiertagen keine Zustellung erfolgt.<br \/>Haben Sie Artikel mit unterschiedlichen Lieferzeiten bestellt, versenden wir die Ware in einer gemeinsamen Sendung, sofern wir keine abweichenden Vereinbarungen mit Ihnen getroffen haben. Die Lieferzeit bestimmt sich in diesem Fall nach dem Artikel mit der l\u00e4ngsten Lieferzeit den Sie bestellt haben.<\/p>\t\t\t\t\t\t\t\t<\/div>\n\t\t\t\t<\/div>\n\t\t\t\t\t<\/div>\n\t\t<\/div>\n\t\t\t\t\t<\/div>\n\t\t<\/section>\n\t\t\t\t<\/div>\n\t\t","protected":false},"excerpt":{"rendered":"<p>Versandbedingungen Die Lieferung erfolgt innerhalb Deutschlands und in die nachstehenden L\u00e4nder: Albanien, Belgien, Bosnien und Herzegowina, Bulgarien, D\u00e4nemark, Estland, Finnland, Frankreich, Griechenland, Gro\u00dfbritannien, Irland, Island, Italien, Kasachstan, Mongolei, Kosovo, Kroatien, Lettland, Liechtenstein, Litauen, Luxemburg, Malta, Mazedonien, Moldawien, Montenegro, Niederlande, Norwegen, \u00d6sterreich, Polen, Rum\u00e4nien, Russland, Schweden, Schweiz, Serbien, Slowakei, Slowenien, Spanien, Tschechien, T\u00fcrkei, Ukraine, Ungarn, Wei\u00dfrussland. [&hellip;]<\/p>\n","protected":false},"author":1,"featured_media":0,"parent":0,"menu_order":0,"comment_status":"closed","ping_status":"closed","template":"","meta":{"footnotes":""},"class_list":["post-12","page","type-page","status-publish","hentry"],"_links":{"self":[{"href":"https:\/\/handel-vereinsbedarf.de\/skv\/wp-json\/wp\/v2\/pages\/12","targetHints":{"allow":["GET"]}}],"collection":[{"href":"https:\/\/handel-vereinsbedarf.de\/skv\/wp-json\/wp\/v2\/pages"}],"about":[{"href":"https:\/\/handel-vereinsbedarf.de\/skv\/wp-json\/wp\/v2\/types\/page"}],"author":[{"embeddable":true,"href":"https:\/\/handel-vereinsbedarf.de\/skv\/wp-json\/wp\/v2\/users\/1"}],"replies":[{"embeddable":true,"href":"https:\/\/handel-vereinsbedarf.de\/skv\/wp-json\/wp\/v2\/comments?post=12"}],"version-history":[{"count":6,"href":"https:\/\/handel-vereinsbedarf.de\/skv\/wp-json\/wp\/v2\/pages\/12\/revisions"}],"predecessor-version":[{"id":423,"href":"https:\/\/handel-vereinsbedarf.de\/skv\/wp-json\/wp\/v2\/pages\/12\/revisions\/423"}],"wp:attachment":[{"href":"https:\/\/handel-vereinsbedarf.de\/skv\/wp-json\/wp\/v2\/media?parent=12"}],"curies":[{"name":"wp","href":"https:\/\/api.w.org\/{rel}","templated":true}]}}