{"id":8,"date":"2021-03-30T18:53:51","date_gmt":"2021-03-30T16:53:51","guid":{"rendered":"http:\/\/home-of-teamsport.de\/sv-steinbach\/datenschutzerklaerung\/"},"modified":"2021-05-24T16:43:30","modified_gmt":"2021-05-24T14:43:30","slug":"datenschutzerklaerung","status":"publish","type":"page","link":"https:\/\/handel-vereinsbedarf.de\/skv\/datenschutzerklaerung\/","title":{"rendered":"Datenschutzerkl\u00e4rung"},"content":{"rendered":"\t\t<div data-elementor-type=\"wp-page\" data-elementor-id=\"8\" class=\"elementor elementor-8\" data-elementor-post-type=\"page\">\n\t\t\t\t\t\t<section class=\"elementor-section elementor-top-section elementor-element elementor-element-2729af9d elementor-section-boxed elementor-section-height-default elementor-section-height-default\" data-id=\"2729af9d\" data-element_type=\"section\" data-e-type=\"section\">\n\t\t\t\t\t\t<div class=\"elementor-container elementor-column-gap-default\">\n\t\t\t\t\t<div class=\"elementor-column elementor-col-100 elementor-top-column elementor-element elementor-element-1df1daf\" data-id=\"1df1daf\" data-element_type=\"column\" data-e-type=\"column\">\n\t\t\t<div class=\"elementor-widget-wrap elementor-element-populated\">\n\t\t\t\t\t\t<div class=\"elementor-element elementor-element-6c8fd010 elementor-widget elementor-widget-text-editor\" data-id=\"6c8fd010\" data-element_type=\"widget\" data-e-type=\"widget\" data-widget_type=\"text-editor.default\">\n\t\t\t\t<div class=\"elementor-widget-container\">\n\t\t\t\t\t\t\t\t\t<p><\/p>\n<h2 class=\"wp-block-heading\">Datenschutzerkl\u00e4rung<\/h2>\n<p><\/p>\n<p>Wir freuen uns \u00fcber Ihren Besuch auf unserer Webseite handel-vereinsbedarf.de und Ihr Interesse an unserem Unternehmen und unseren Angeboten. F\u00fcr externe Links zu fremden Inhalten \u00fcbernehmen wir trotz sorgf\u00e4ltiger inhaltlicher Kontrolle keine Haftung, da wir die \u00dcbermittlung dieser Information nicht veranlasst, den Adressaten der \u00fcbermittelten Information und die \u00fcbermittelten Informationen selbst nicht ausgew\u00e4hlt oder ver\u00e4ndert haben.<\/p>\n<p><\/p>\n<p>Der Schutz Ihrer personenbezogenen Daten bei der Erhebung, Verarbeitung und Nutzung anl\u00e4sslich Ihres Besuchs auf unseren Internetseiten ist uns ein wichtiges Anliegen und erfolgt im Rahmen der gesetzlichen Vorschriften, \u00fcber die Sie sich z.B. unter www.bfd.bund.de informieren k\u00f6nnen.<\/p>\n<p><\/p>\n<p>Im Folgenden erl\u00e4utern wir Ihnen, welche Informationen wir w\u00e4hrend Ihres Besuchs auf unseren Webseiten erfassen und wie diese genutzt werden:<\/p>\n<p><\/p>\n<h3 class=\"wp-block-heading\">1. Erhebung und Speicherung personenbezogener Daten sowie Art und Zweck von deren Verwendung<\/h3>\n<p><\/p>\n<p>a) Beim Besuch der Webseite<\/p>\n<p><\/p>\n<p>Bei jedem Zugriff eines Kunden (oder sonstigen Besuchers) auf unserer Webseite werden durch den auf Ihrem Endger\u00e4t (Computer, Laptop, Tablet, Smartphone, etc.) zum Einsatz kommenden Internet-Browser automatisch Informationen an den Server unserer Webseite gesendet. Diese Informationen werden tempor\u00e4r in einem sog. Logfile (Protokolldatei) gespeichert.<\/p>\n<p><\/p>\n<p>Folgende Daten werden dabei ohne Ihr Zutun erfasst und bis zur automatisierten L\u00f6schung gespeichert:<\/p>\n<p><\/p>\n<ul class=\"wp-block-list\">\n<li>IP-Adresse des anfragenden Rechners, sowie Ger\u00e4te-ID oder individuelle Ger\u00e4te-Kennung und Ger\u00e4tetyp,<\/li>\n<li>Name der abgerufenen Datei und \u00fcbertragene Datenmenge, sowie Datum und Uhrzeit des Abrufs,<\/li>\n<li>Meldung \u00fcber erfolgreichen Abruf,<\/li>\n<li>anfragende Domain,<\/li>\n<li>Beschreibung des Typs des verwendeten Internet-Browsers und ggf. des Betriebssystems Ihres Endger\u00e4ts sowie der Name Ihres Access-Providers,<\/li>\n<li>Ihre Browser-Verlaufsdaten sowie Ihre standardm\u00e4\u00dfigen Weblog-Informationen,<\/li>\n<li>Standortdaten, einschlie\u00dflich Standortdaten von Ihrem Mobilger\u00e4t. Bitte beachten Sie, dass Sie bei den meisten Mobilger\u00e4ten die Verwendung von Standortservices im Einstellungsmen\u00fc des Mobilger\u00e4ts steuern oder deaktivieren k\u00f6nnen.<\/li>\n<\/ul>\n<p><\/p>\n<p>Unser berechtigtes Interesse gem. Art.&nbsp;6 Abs.&nbsp;1 S.&nbsp;1 lit.&nbsp;f DSGVO zur Erhebung der Daten beruht auf den folgenden Zwecken: Gew\u00e4hrleistung eines reibungslosen Verbindungsaufbaus und einer komfortablen Nutzung der Webseite, Auswertung der Systemsicherheit und -stabilit\u00e4t sowie zu weiteren administrativen Zwecken.<\/p>\n<p><\/p>\n<p>In keinem Fall verwenden wir die erhobenen Daten zu dem Zweck, R\u00fcckschl\u00fcsse auf Ihre Person zu ziehen.<\/p>\n<p><\/p>\n<p>b) Bei Nutzung unseres Kontaktformulars<\/p>\n<p><\/p>\n<p>Bei Fragen jeglicher Art bieten wir Ihnen die M\u00f6glichkeit, mit uns \u00fcber ein auf der Webseite bereitgestelltes Formular Kontakt aufzunehmen. Dabei sind mindestens die folgenden Angaben erforderlich: , damit wir wissen, von wem die Anfrage stammt und um diese beantworten zu k\u00f6nnen. Weitere Angaben k\u00f6nnen freiwillig get\u00e4tigt werden.<br>Die Datenverarbeitung zum Zwecke der Kontaktaufnahme mit uns erfolgt gem. Art.&nbsp;6 Abs.&nbsp;1 S.&nbsp;1 lit.&nbsp;a DSGVO auf Grundlage Ihrer freiwillig erteilten Einwilligung.<br>Die f\u00fcr die Benutzung des Kontaktformulars von uns erhobenen personenbezogenen Daten werden nach Erledigung der von Ihnen gestellten Anfrage automatisch gel\u00f6scht.<\/p>\n<p><\/p>\n<p>c) Bei Abschluss eines Vertragsverh\u00e4ltnisses<\/p>\n<p><\/p>\n<p>Bei Abschluss eines Vertragsverh\u00e4ltnisses auf unserer Webseite bitten wir Sie um die Angaben folgender personenbezogener Daten: &#8211; Daten, die Sie pers\u00f6nlich identifizieren wie Name und E-Mail-Adresse &#8211; Kontaktdaten, wie Anschrift Rechnungs- und Lieferanschrift\/ und Telefonnummer &#8211; Daten, die Ihr Unternehmen identifizieren, wie Firma, Anschrift, Kommunikationsdaten (E-Mail-Adresse, Telefon-, Faxnummer), ggf. USt-ID oder Steuernummer) &#8211; Informationen zu Ihrem Zahlungsmittel<\/p>\n<p><\/p>\n<p>&#8211; weitere personenbezogene Daten, zu deren Erfassung und Verarbeitung wir gesetzlich verpflichtet oder berechtigt sind und die wir f\u00fcr Ihre Authentifizierung, Identifizierung oder zur \u00dcberpr\u00fcfung der von uns erhobenen Daten ben\u00f6tigen.<\/p>\n<p><\/p>\n<p>Die genannten Daten werden zur Abwicklung des Vertragsverh\u00e4ltnisses verarbeitet. Die Verarbeitung der Daten erfolgt aufgrund von Art. 6 Abs. 1 lit. b DSGVO. Die Speicherfrist ist auf den Vertragszweck und, sofern vorhanden, gesetzliche und vertragliche Aufbewahrungspflichten beschr\u00e4nkt.<\/p>\n<p><\/p>\n<p>d) Einsatz von Zahlungsdienstleistern<\/p>\n<p><\/p>\n<p>Zur Bezahlung von mit uns kostenpflichtig abgeschlossenen Vertr\u00e4gen arbeiten wir zudem mit Zahlungsdienstleistern zusammen. Ihre Zahlungsdaten geben wir im Rahmen der Zahlungsabwicklung \u2013 zweckgebunden auf die Zahlung \u2013 an den beauftragten Zahlungsdienstleister weiter, sofern dies f\u00fcr die Zahlungsabwicklung erforderlich ist. Rechtsgrundlage f\u00fcr die Weitergabe der Daten ist hierbei jeweils Art.&nbsp;6 Abs.&nbsp;1 lit.&nbsp;b DSGVO.<\/p>\n<p><\/p>\n<h3 class=\"wp-block-heading\">2. Weitergabe von personenbezogenen Daten<\/h3>\n<p><\/p>\n<p>Eine \u00dcbermittlung Ihrer Daten an Dritte zu anderen als den im Folgenden aufgef\u00fchrten Zwecken findet nicht statt.<\/p>\n<p><\/p>\n<p>Wir geben Ihre Daten nur an Dritte weiter, wenn:<\/p>\n<p><\/p>\n<ul class=\"wp-block-list\">\n<li>Sie eine ausdr\u00fcckliche Einwilligung dazu erteilt haben nach (Art. 6 Abs. 1 S. 1 lit. a DSGVO),<\/li>\n<li>dies f\u00fcr die Abwicklung von Vertragsverh\u00e4ltnissen mit Ihnen erforderlich ist (Art. 6 Abs. 1 lit. b DSGVO),<\/li>\n<li>eine gesetzliche Verpflichtung zur Weitergabe besteht (Art.6 Abs.1 lit. c DSGVO),<\/li>\n<li>die Weitergabe zur Geltendmachung, Aus\u00fcbung oder Verteidigung von Rechtsanspr\u00fcchen erforderlich ist und kein Grund zur Annahme besteht, dass Sie ein \u00fcberwiegendes schutzw\u00fcrdiges Interesse an der Nichtweitergabe Ihrer Daten haben (Art. 6 Abs. 1 S. 1 lit. f DSGVO).<\/li><li>die Verarbeitung ist zur Wahrung der berechtigten Interessen des \nVerantwortlichen oder eines Dritten erforderlich, sofern nicht die \nInteressen oder Grundrechte und Grundfreiheiten der betroffenen Person, \ndie den Schutz personenbezogener Daten erfordern, \u00fcberwiegen, \ninsbesondere dann, wenn es sich bei der betroffenen Person um ein Kind \nhandelt (Art. 6 Abs. 1 S. 1 lit. f DSGVO).<\/li>\n<\/ul>\n<p><\/p>\n<p>In diesen F\u00e4llen beschr\u00e4nkt sich der Umfang der \u00fcbermittelten Daten jedoch nur auf das erforderliche Minimum.<\/p>\n<p><\/p>\n<p>Unsere Datenschutzbestimmungen stehen im Einklang mit den geltenden datenschutzrechtlichen Bestimmungen und die Daten werden nur in der Bundesrepublik Deutschland \/ Europ\u00e4ischen Union verarbeitet. Eine \u00dcbermittlung in Drittl\u00e4nder findet nicht statt und ist nicht beabsichtigt.<\/p>\n<p><\/p>\n<h3 class=\"wp-block-heading\">3. Betroffenenrechte<\/h3>\n<p><\/p>\n<p>Auf Anfrage werden wir Sie gern informieren, ob und welche personenbezogenen Daten zu Ihrer Person gespeichert sind (Art.&nbsp;15 DSGVO), insbesondere \u00fcber die Verarbeitungszwecke, die Kategorie der personenbezogenen Daten, die Kategorien von Empf\u00e4ngern, gegen\u00fcber denen Ihre Daten offengelegt wurden oder werden, die geplante Speicherdauer, das Bestehen eines Rechts auf Berichtigung, L\u00f6schung, Einschr\u00e4nkung der Verarbeitung oder Widerspruch, das Bestehen eines Beschwerderechts, die Herkunft ihrer Daten, sofern diese nicht bei uns erhoben wurden, sowie \u00fcber das Bestehen einer automatisierten Entscheidungsfindung einschlie\u00dflich Profiling.<\/p>\n<p><\/p>\n<p>Ihnen steht zudem das Recht zu, etwaig unrichtig erhobene personenbezogene Daten berichtigen oder unvollst\u00e4ndig erhobene Daten vervollst\u00e4ndigen zu lassen (Art.&nbsp;16 DSGVO).<\/p>\n<p><\/p>\n<p>Ferner haben Sie das Recht, von uns die Einschr\u00e4nkung der Verarbeitung Ihrer Daten zu verlangen, sofern die gesetzlichen Voraussetzungen hierf\u00fcr vorliegen (Art.&nbsp;18 DSGVO).<\/p>\n<p><\/p>\n<p>Sie haben das Recht, die Sie betreffenden personenbezogenen Daten in einem strukturierten, g\u00e4ngigen und maschinenlesbaren Format zu erhalten oder die \u00dcbermittlung an einen anderen Verantwortlichen zu verlangen (Art.&nbsp;20 DSGVO).<\/p>\n<p><\/p>\n<p>Dar\u00fcber hinaus steht Ihnen das sogenannte \u201eRecht auf Vergessenwerden\u201c zu, d.h. Sie k\u00f6nnen von uns die L\u00f6schung Ihrer personenbezogenen Daten verlangen, sofern hierf\u00fcr die gesetzlichen Voraussetzungen vorliegen (Art.&nbsp;17 DSGVO).<\/p>\n<p><\/p>\n<p>Unabh\u00e4ngig davon werden Ihre personenbezogenen Daten automatisch von uns gel\u00f6scht, wenn der Zweck der Datenerhebung weggefallen oder die Datenverarbeitung unrechtm\u00e4\u00dfig erfolgt ist.<\/p>\n<p><\/p>\n<p>Gem\u00e4\u00df Art.&nbsp;7 Abs.&nbsp;3 DSGVO haben Sie das Recht Ihre einmal erteilte Einwilligung jederzeit gegen\u00fcber uns zu widerrufen. Dies hat zur Folge, dass wir die Datenverarbeitung, die auf dieser Einwilligung beruhte, f\u00fcr die Zukunft nicht mehr fortf\u00fchren d\u00fcrfen.<\/p>\n<p><\/p>\n<p>Sie haben zudem das Recht, jederzeit gegen die Verarbeitung Ihrer personenbezogenen Daten Widerspruch zu erheben, sofern ein Widerspruchsrecht gesetzlich vorgesehen ist. Im Falle eines wirksamen Widerrufs werden Ihre personenbezogenen Daten ebenfalls automatisch durch uns gel\u00f6scht (Art.&nbsp;21 DSGVO).<\/p>\n<p><\/p>\n<p>M\u00f6chten Sie von Ihrem Widerrufs- oder Widerspruchsrecht Gebrauch machen, gen\u00fcgt eine E-Mail an: info@handel-vereinsbedarf.de.<\/p>\n<p><\/p>\n<p>Bei Verst\u00f6\u00dfen gegen die datenschutzrechtlichen Vorschriften haben Sie gem. Art.&nbsp;77 DSGVO die M\u00f6glichkeit, Beschwerde bei einer Aufsichtsbeh\u00f6rde zu erheben.<\/p>\n<p><\/p>\n<h3 class=\"wp-block-heading\">4. Dauer der Datenspeicherung<\/h3>\n<p><\/p>\n<p>Die erhobenen Daten werden solange bei uns gespeichert, wie dies f\u00fcr die Durchf\u00fchrung der mit uns eingegangen Vertr\u00e4ge erforderlich ist oder Sie Ihr Recht auf L\u00f6schung oder Ihr Recht auf Daten\u00fcbertragung auf ein anderes Unternehmen nicht ausge\u00fcbt haben.<\/p>\n<p><\/p>\n<h3 class=\"wp-block-heading\">5. Cookies<\/h3>\n<p><\/p>\n<p>Wir setzen auf unserer Webseite keine Cookies ein.<\/p>\n<p><\/p>\n<h3 class=\"wp-block-heading\">6. Online-Marketing\/ Analyse-Tools<\/h3>\n<p><\/p>\n<p>keine<\/p>\n<p><\/p>\n<h3 class=\"wp-block-heading\">Datensicherheit<\/h3>\n<p><\/p>\n<p>Wir sind um alle notwendigen technischen und organisatorischen Sicherheitsma\u00dfnahmen bem\u00fcht, um Ihre personenbezogenen Daten so zu speichern, dass sie weder Dritten noch der \u00d6ffentlichkeit zug\u00e4nglich sind. Sollten Sie mit uns per E-Mail in Kontakt treten wollen, so weisen wir Sie darauf hin, dass bei diesem Kommunikationsweg die Vertraulichkeit der \u00fcbermittelten Informationen nicht vollst\u00e4ndig gew\u00e4hrleistet werden kann. Wir empfehlen Ihnen daher, uns vertrauliche Informationen ausschlie\u00dflich \u00fcber den Postweg zukommen zu lassen.<\/p>\n<p><\/p>\n<h3 class=\"wp-block-heading\">Aktualit\u00e4t und \u00c4nderung dieser Datenschutzerkl\u00e4rung<\/h3>\n<p><\/p>\n<p>Diese Datenschutzerkl\u00e4rung ist aktuell g\u00fcltig.<\/p>\n<p><\/p>\n<p>Durch die Weiterentwicklung unserer Webseite und Angebote dar\u00fcber oder aufgrund ge\u00e4nderter gesetzlicher beziehungsweise beh\u00f6rdlicher Vorgaben kann es notwendig werden, diese Datenschutzerkl\u00e4rung zu \u00e4ndern. Die jeweils aktuelle Datenschutzerkl\u00e4rung kann jederzeit auf der Webseite unter datenschutzURLGed\u00f6ns von Ihnen abgerufen und ausgedruckt werden.<\/p>\n<p><\/p>\n<p>Name und Kontaktdaten des f\u00fcr die Verarbeitung Verantwortlichen<\/p>\n<p><\/p>\n<p>Diese Datenschutz-Information gilt f\u00fcr die Datenverarbeitung durch:<\/p>\n<p><\/p>\n<p>Timo Herbst<\/p>\n<p><\/p>\t\t\t\t\t\t\t\t<\/div>\n\t\t\t\t<\/div>\n\t\t\t\t\t<\/div>\n\t\t<\/div>\n\t\t\t\t\t<\/div>\n\t\t<\/section>\n\t\t\t\t<\/div>\n\t\t","protected":false},"excerpt":{"rendered":"<p>Datenschutzerkl\u00e4rung Wir freuen uns \u00fcber Ihren Besuch auf unserer Webseite handel-vereinsbedarf.de und Ihr Interesse an unserem Unternehmen und unseren Angeboten. F\u00fcr externe Links zu fremden Inhalten \u00fcbernehmen wir trotz sorgf\u00e4ltiger inhaltlicher Kontrolle keine Haftung, da wir die \u00dcbermittlung dieser Information nicht veranlasst, den Adressaten der \u00fcbermittelten Information und die \u00fcbermittelten Informationen selbst nicht ausgew\u00e4hlt oder [&hellip;]<\/p>\n","protected":false},"author":1,"featured_media":0,"parent":0,"menu_order":0,"comment_status":"closed","ping_status":"closed","template":"","meta":{"footnotes":""},"class_list":["post-8","page","type-page","status-publish","hentry"],"_links":{"self":[{"href":"https:\/\/handel-vereinsbedarf.de\/skv\/wp-json\/wp\/v2\/pages\/8","targetHints":{"allow":["GET"]}}],"collection":[{"href":"https:\/\/handel-vereinsbedarf.de\/skv\/wp-json\/wp\/v2\/pages"}],"about":[{"href":"https:\/\/handel-vereinsbedarf.de\/skv\/wp-json\/wp\/v2\/types\/page"}],"author":[{"embeddable":true,"href":"https:\/\/handel-vereinsbedarf.de\/skv\/wp-json\/wp\/v2\/users\/1"}],"replies":[{"embeddable":true,"href":"https:\/\/handel-vereinsbedarf.de\/skv\/wp-json\/wp\/v2\/comments?post=8"}],"version-history":[{"count":10,"href":"https:\/\/handel-vereinsbedarf.de\/skv\/wp-json\/wp\/v2\/pages\/8\/revisions"}],"predecessor-version":[{"id":511,"href":"https:\/\/handel-vereinsbedarf.de\/skv\/wp-json\/wp\/v2\/pages\/8\/revisions\/511"}],"wp:attachment":[{"href":"https:\/\/handel-vereinsbedarf.de\/skv\/wp-json\/wp\/v2\/media?parent=8"}],"curies":[{"name":"wp","href":"https:\/\/api.w.org\/{rel}","templated":true}]}}