{"id":182,"date":"2021-04-06T17:26:43","date_gmt":"2021-04-06T15:26:43","guid":{"rendered":"http:\/\/home-of-teamsport.de\/sv-steinbach\/?post_type=product&#038;p=182"},"modified":"2025-03-14T17:19:23","modified_gmt":"2025-03-14T16:19:23","slug":"essential-softshell-jacke","status":"publish","type":"product","link":"https:\/\/handel-vereinsbedarf.de\/sv-steinbach\/produkt\/essential-softshell-jacke\/","title":{"rendered":"Essential Softshell Jacke"},"content":{"rendered":"<div id=\"product.info.description\" class=\"data item content\" role=\"tabpanel\" data-role=\"content\" aria-labelledby=\"tab-label-product.info.description\" aria-hidden=\"false\">\n<div class=\"product attribute description\">\n<div class=\"value\">\n<p>&#8211; reflektierender uhlsport-Schriftzug auf der rechten Seite<br \/>\n&#8211; Kapuze mit elastischer Kordel<br \/>\n&#8211; funktionales 3-Lagen-Softshell-Material mit Innenmembran<br \/>\n&#8211; reflektierender Rei\u00dfverschluss<br \/>\n&#8211; Zwei Rei\u00dfverschlusstaschen<\/p>\n<p><strong>Material:<\/strong><br \/>\n100% Polyester, Softshell<\/p>\n<p><strong>Gr\u00f6\u00dfe:<\/strong><br \/>\nXXS &#8211; XXXL<\/p>\n<p><strong>Farbe:<\/strong><br \/>\n01 schwarz<\/p>\n<\/div>\n<\/div>\n<\/div>\n<div id=\"tab-label-ci-54\" class=\"data item title\" role=\"tab\" data-role=\"collapsible\" data-collapsible=\"true\">inkl. Wappen, Initialen, Vereinsname<\/div>\n<p>&nbsp;<\/p>\n","protected":false},"excerpt":{"rendered":"<p>&#8211; reflektierender uhlsport-Schriftzug auf der rechten Seite &#8211; Kapuze mit elastischer Kordel &#8211; funktionales 3-Lagen-Softshell-Material mit Innenmembran &#8211; reflektierender Rei\u00dfverschluss &#8211; Zwei Rei\u00dfverschlusstaschen Material: 100% Polyester, Softshell Gr\u00f6\u00dfe: XXS &#8211; XXXL Farbe: 01 schwarz inkl. Wappen, Initialen, Vereinsname &nbsp;<\/p>\n","protected":false},"featured_media":1597,"template":"","meta":[],"product_brand":[],"product_cat":[54,15],"product_tag":[],"class_list":{"0":"post-182","1":"product","2":"type-product","3":"status-publish","4":"has-post-thumbnail","6":"product_cat-oberteile","7":"product_cat-unkategorisiert","9":"first","10":"instock","11":"taxable","12":"shipping-taxable","13":"purchasable","14":"product-type-variable"},"_links":{"self":[{"href":"https:\/\/handel-vereinsbedarf.de\/sv-steinbach\/wp-json\/wp\/v2\/product\/182","targetHints":{"allow":["GET"]}}],"collection":[{"href":"https:\/\/handel-vereinsbedarf.de\/sv-steinbach\/wp-json\/wp\/v2\/product"}],"about":[{"href":"https:\/\/handel-vereinsbedarf.de\/sv-steinbach\/wp-json\/wp\/v2\/types\/product"}],"wp:featuredmedia":[{"embeddable":true,"href":"https:\/\/handel-vereinsbedarf.de\/sv-steinbach\/wp-json\/wp\/v2\/media\/1597"}],"wp:attachment":[{"href":"https:\/\/handel-vereinsbedarf.de\/sv-steinbach\/wp-json\/wp\/v2\/media?parent=182"}],"wp:term":[{"taxonomy":"product_brand","embeddable":true,"href":"https:\/\/handel-vereinsbedarf.de\/sv-steinbach\/wp-json\/wp\/v2\/product_brand?post=182"},{"taxonomy":"product_cat","embeddable":true,"href":"https:\/\/handel-vereinsbedarf.de\/sv-steinbach\/wp-json\/wp\/v2\/product_cat?post=182"},{"taxonomy":"product_tag","embeddable":true,"href":"https:\/\/handel-vereinsbedarf.de\/sv-steinbach\/wp-json\/wp\/v2\/product_tag?post=182"}],"curies":[{"name":"wp","href":"https:\/\/api.w.org\/{rel}","templated":true}]}}