{"id":186,"date":"2021-04-06T17:26:44","date_gmt":"2021-04-06T15:26:44","guid":{"rendered":"http:\/\/home-of-teamsport.de\/sv-steinbach\/?post_type=product&#038;p=186"},"modified":"2025-03-14T16:01:51","modified_gmt":"2025-03-14T15:01:51","slug":"essential-performance-hose","status":"publish","type":"product","link":"https:\/\/handel-vereinsbedarf.de\/sv-steinbach\/produkt\/essential-performance-hose\/","title":{"rendered":"Essential Performance Hose"},"content":{"rendered":"<table border=\"0\" cellspacing=\"0\">\n<colgroup width=\"512\"><\/colgroup>\n<tbody>\n<tr>\n<td align=\"left\" valign=\"bottom\" height=\"20\">\u00a0Zwei Rei\u00dfverschlusstaschen<br \/>\n&#8211; Kordel im Bund<br \/>\n&#8211; Trainingshose<br \/>\n&#8211; Bein\u00f6ffnung mit Rei\u00dfverschlussMaterial:100% Polyester, Interlock<strong>Gr\u00f6\u00dfe:<\/strong><br \/>\nXXS &#8211; XXL<strong>Farbe:<\/strong><br \/>\n01 schwarz<\/p>\n<p><span style=\"color: #000000\">inkl. Initialen<\/span><\/td>\n<\/tr>\n<\/tbody>\n<\/table>\n","protected":false},"excerpt":{"rendered":"<p>\u00a0Zwei Rei\u00dfverschlusstaschen &#8211; Kordel im Bund &#8211; Trainingshose &#8211; Bein\u00f6ffnung mit Rei\u00dfverschlussMaterial:100% Polyester, InterlockGr\u00f6\u00dfe: XXS &#8211; XXLFarbe: 01 schwarz inkl. Initialen<\/p>\n","protected":false},"featured_media":563,"template":"","meta":[],"product_brand":[],"product_cat":[53,15],"product_tag":[],"class_list":{"0":"post-186","1":"product","2":"type-product","3":"status-publish","4":"has-post-thumbnail","6":"product_cat-hosen","7":"product_cat-unkategorisiert","9":"first","10":"instock","11":"taxable","12":"shipping-taxable","13":"purchasable","14":"product-type-variable"},"_links":{"self":[{"href":"https:\/\/handel-vereinsbedarf.de\/sv-steinbach\/wp-json\/wp\/v2\/product\/186","targetHints":{"allow":["GET"]}}],"collection":[{"href":"https:\/\/handel-vereinsbedarf.de\/sv-steinbach\/wp-json\/wp\/v2\/product"}],"about":[{"href":"https:\/\/handel-vereinsbedarf.de\/sv-steinbach\/wp-json\/wp\/v2\/types\/product"}],"wp:featuredmedia":[{"embeddable":true,"href":"https:\/\/handel-vereinsbedarf.de\/sv-steinbach\/wp-json\/wp\/v2\/media\/563"}],"wp:attachment":[{"href":"https:\/\/handel-vereinsbedarf.de\/sv-steinbach\/wp-json\/wp\/v2\/media?parent=186"}],"wp:term":[{"taxonomy":"product_brand","embeddable":true,"href":"https:\/\/handel-vereinsbedarf.de\/sv-steinbach\/wp-json\/wp\/v2\/product_brand?post=186"},{"taxonomy":"product_cat","embeddable":true,"href":"https:\/\/handel-vereinsbedarf.de\/sv-steinbach\/wp-json\/wp\/v2\/product_cat?post=186"},{"taxonomy":"product_tag","embeddable":true,"href":"https:\/\/handel-vereinsbedarf.de\/sv-steinbach\/wp-json\/wp\/v2\/product_tag?post=186"}],"curies":[{"name":"wp","href":"https:\/\/api.w.org\/{rel}","templated":true}]}}