{"id":192,"date":"2021-04-06T17:26:44","date_gmt":"2021-04-06T15:26:44","guid":{"rendered":"http:\/\/home-of-teamsport.de\/sv-steinbach\/?post_type=product&#038;p=192"},"modified":"2026-04-23T17:17:55","modified_gmt":"2026-04-23T15:17:55","slug":"team-hose","status":"publish","type":"product","link":"https:\/\/handel-vereinsbedarf.de\/sv-steinbach\/produkt\/team-hose\/","title":{"rendered":"Team Hose"},"content":{"rendered":"<table border=\"0\" cellspacing=\"0\">\n<colgroup width=\"512\"><\/colgroup>\n<tbody>\n<tr>\n<td align=\"left\" valign=\"bottom\" height=\"20\">&#8211; Polyester-Hose<br \/>\n&#8211; verstellbarer, elastischer Taillenbund mit Kordel<br \/>\n&#8211; uhlsport gestickt auf dem linken Bein<br \/>\n&#8211; eng anliegend geschnittener Wadenbereich<br \/>\n&#8211; zwei Rei\u00dfverschlusstaschen<strong>Material:<\/strong><br \/>\n100% Polyester, Interlock<\/p>\n<p><strong>Gr\u00f6\u00dfe:<\/strong><br \/>\n116 &#8211; 164<br \/>\nS &#8211; 4XL<\/p>\n<p><span style=\"color: #000000\">inkl. Initialen<\/span><\/td>\n<\/tr>\n<\/tbody>\n<\/table>\n","protected":false},"excerpt":{"rendered":"<p>&#8211; Polyester-Hose &#8211; verstellbarer, elastischer Taillenbund mit Kordel &#8211; uhlsport gestickt auf dem linken Bein &#8211; eng anliegend geschnittener Wadenbereich &#8211; zwei Rei\u00dfverschlusstaschenMaterial: 100% Polyester, Interlock Gr\u00f6\u00dfe: 116 &#8211; 164 S &#8211; 4XL inkl. Initialen<\/p>\n","protected":false},"featured_media":573,"template":"","meta":[],"product_brand":[],"product_cat":[53,15],"product_tag":[],"class_list":{"0":"post-192","1":"product","2":"type-product","3":"status-publish","4":"has-post-thumbnail","6":"product_cat-hosen","7":"product_cat-unkategorisiert","9":"first","10":"instock","11":"sale","12":"taxable","13":"shipping-taxable","14":"purchasable","15":"product-type-variable"},"_links":{"self":[{"href":"https:\/\/handel-vereinsbedarf.de\/sv-steinbach\/wp-json\/wp\/v2\/product\/192","targetHints":{"allow":["GET"]}}],"collection":[{"href":"https:\/\/handel-vereinsbedarf.de\/sv-steinbach\/wp-json\/wp\/v2\/product"}],"about":[{"href":"https:\/\/handel-vereinsbedarf.de\/sv-steinbach\/wp-json\/wp\/v2\/types\/product"}],"wp:featuredmedia":[{"embeddable":true,"href":"https:\/\/handel-vereinsbedarf.de\/sv-steinbach\/wp-json\/wp\/v2\/media\/573"}],"wp:attachment":[{"href":"https:\/\/handel-vereinsbedarf.de\/sv-steinbach\/wp-json\/wp\/v2\/media?parent=192"}],"wp:term":[{"taxonomy":"product_brand","embeddable":true,"href":"https:\/\/handel-vereinsbedarf.de\/sv-steinbach\/wp-json\/wp\/v2\/product_brand?post=192"},{"taxonomy":"product_cat","embeddable":true,"href":"https:\/\/handel-vereinsbedarf.de\/sv-steinbach\/wp-json\/wp\/v2\/product_cat?post=192"},{"taxonomy":"product_tag","embeddable":true,"href":"https:\/\/handel-vereinsbedarf.de\/sv-steinbach\/wp-json\/wp\/v2\/product_tag?post=192"}],"curies":[{"name":"wp","href":"https:\/\/api.w.org\/{rel}","templated":true}]}}