{"id":261,"date":"2021-04-06T17:35:11","date_gmt":"2021-04-06T15:35:11","guid":{"rendered":"http:\/\/home-of-teamsport.de\/sv-steinbach\/?post_type=product&#038;p=261"},"modified":"2025-03-14T15:50:50","modified_gmt":"2025-03-14T14:50:50","slug":"essential-2-0-players-bag-50l","status":"publish","type":"product","link":"https:\/\/handel-vereinsbedarf.de\/sv-steinbach\/produkt\/essential-2-0-players-bag-50l\/","title":{"rendered":"Essential Spielertasche 50L"},"content":{"rendered":"<p>&#8211; Tragegriff<br \/>\n&#8211; mit verstellbarem Schultergurt<br \/>\n&#8211; Hauptfach mit u-f\u00f6rmiger \u00d6ffnung<br \/>\n&#8211; Uhlsport Schriftzug gedruckt<br \/>\n&#8211; mit Volumenangabe<br \/>\n&#8211; Verst\u00e4rktes Bodenfach<\/p>\n<p><strong>Material:<br \/>\n<\/strong>100% Polyester ( 50% recycelt )<\/p>\n<p><strong>Gr\u00f6\u00dfe:<\/strong><br \/>\n50L \/ 55 x 28 x 33 cm<\/p>\n","protected":false},"excerpt":{"rendered":"<p>&#8211; Tragegriff &#8211; mit verstellbarem Schultergurt &#8211; Hauptfach mit u-f\u00f6rmiger \u00d6ffnung &#8211; Uhlsport Schriftzug gedruckt &#8211; mit Volumenangabe &#8211; Verst\u00e4rktes Bodenfach Material: 100% Polyester ( 50% recycelt ) Gr\u00f6\u00dfe: 50L \/ 55 x 28 x 33 cm<\/p>\n","protected":false},"featured_media":1595,"template":"","meta":[],"product_brand":[],"product_cat":[51,55],"product_tag":[],"class_list":{"0":"post-261","1":"product","2":"type-product","3":"status-publish","4":"has-post-thumbnail","6":"product_cat-accessoires","7":"product_cat-taschen","9":"first","10":"instock","11":"taxable","12":"shipping-taxable","13":"purchasable","14":"product-type-simple"},"_links":{"self":[{"href":"https:\/\/handel-vereinsbedarf.de\/sv-steinbach\/wp-json\/wp\/v2\/product\/261","targetHints":{"allow":["GET"]}}],"collection":[{"href":"https:\/\/handel-vereinsbedarf.de\/sv-steinbach\/wp-json\/wp\/v2\/product"}],"about":[{"href":"https:\/\/handel-vereinsbedarf.de\/sv-steinbach\/wp-json\/wp\/v2\/types\/product"}],"wp:featuredmedia":[{"embeddable":true,"href":"https:\/\/handel-vereinsbedarf.de\/sv-steinbach\/wp-json\/wp\/v2\/media\/1595"}],"wp:attachment":[{"href":"https:\/\/handel-vereinsbedarf.de\/sv-steinbach\/wp-json\/wp\/v2\/media?parent=261"}],"wp:term":[{"taxonomy":"product_brand","embeddable":true,"href":"https:\/\/handel-vereinsbedarf.de\/sv-steinbach\/wp-json\/wp\/v2\/product_brand?post=261"},{"taxonomy":"product_cat","embeddable":true,"href":"https:\/\/handel-vereinsbedarf.de\/sv-steinbach\/wp-json\/wp\/v2\/product_cat?post=261"},{"taxonomy":"product_tag","embeddable":true,"href":"https:\/\/handel-vereinsbedarf.de\/sv-steinbach\/wp-json\/wp\/v2\/product_tag?post=261"}],"curies":[{"name":"wp","href":"https:\/\/api.w.org\/{rel}","templated":true}]}}