{"id":263,"date":"2021-04-06T17:40:10","date_gmt":"2021-04-06T15:40:10","guid":{"rendered":"http:\/\/home-of-teamsport.de\/sv-steinbach\/?post_type=product&#038;p=263"},"modified":"2025-03-14T15:45:13","modified_gmt":"2025-03-14T14:45:13","slug":"essential-backpack","status":"publish","type":"product","link":"https:\/\/handel-vereinsbedarf.de\/sv-steinbach\/produkt\/essential-backpack\/","title":{"rendered":"Essential Rucksack mit Bodenfach"},"content":{"rendered":"<p>Rucksack mit Zwei-Wege-Rei\u00dfverschluss am Hauptfach<br \/>\n&#8211; gro\u00dfes Hauptfach<br \/>\n&#8211; gepolsterte, verstellbare Schultergurte<br \/>\n&#8211; Seitenfach aus Mesh<br \/>\n&#8211; gro\u00dfes, separates Bodenfach<\/p>\n<p><strong>Material:<br \/>\n<\/strong>100% Polyester ( 50% recycelt )<\/p>\n<p><strong>Gr\u00f6\u00dfe:<\/strong><br \/>\n30L \/ 43,5 x 30 x 12,5 cm<\/p>\n","protected":false},"excerpt":{"rendered":"<p>Rucksack mit Zwei-Wege-Rei\u00dfverschluss am Hauptfach &#8211; gro\u00dfes Hauptfach &#8211; gepolsterte, verstellbare Schultergurte &#8211; Seitenfach aus Mesh &#8211; gro\u00dfes, separates Bodenfach Material: 100% Polyester ( 50% recycelt ) Gr\u00f6\u00dfe: 30L \/ 43,5 x 30 x 12,5 cm<\/p>\n","protected":false},"featured_media":1594,"template":"","meta":[],"product_brand":[],"product_cat":[51,55],"product_tag":[],"class_list":{"0":"post-263","1":"product","2":"type-product","3":"status-publish","4":"has-post-thumbnail","6":"product_cat-accessoires","7":"product_cat-taschen","9":"first","10":"instock","11":"taxable","12":"shipping-taxable","13":"purchasable","14":"product-type-simple"},"_links":{"self":[{"href":"https:\/\/handel-vereinsbedarf.de\/sv-steinbach\/wp-json\/wp\/v2\/product\/263","targetHints":{"allow":["GET"]}}],"collection":[{"href":"https:\/\/handel-vereinsbedarf.de\/sv-steinbach\/wp-json\/wp\/v2\/product"}],"about":[{"href":"https:\/\/handel-vereinsbedarf.de\/sv-steinbach\/wp-json\/wp\/v2\/types\/product"}],"wp:featuredmedia":[{"embeddable":true,"href":"https:\/\/handel-vereinsbedarf.de\/sv-steinbach\/wp-json\/wp\/v2\/media\/1594"}],"wp:attachment":[{"href":"https:\/\/handel-vereinsbedarf.de\/sv-steinbach\/wp-json\/wp\/v2\/media?parent=263"}],"wp:term":[{"taxonomy":"product_brand","embeddable":true,"href":"https:\/\/handel-vereinsbedarf.de\/sv-steinbach\/wp-json\/wp\/v2\/product_brand?post=263"},{"taxonomy":"product_cat","embeddable":true,"href":"https:\/\/handel-vereinsbedarf.de\/sv-steinbach\/wp-json\/wp\/v2\/product_cat?post=263"},{"taxonomy":"product_tag","embeddable":true,"href":"https:\/\/handel-vereinsbedarf.de\/sv-steinbach\/wp-json\/wp\/v2\/product_tag?post=263"}],"curies":[{"name":"wp","href":"https:\/\/api.w.org\/{rel}","templated":true}]}}