{"id":1212,"date":"2023-05-30T20:51:27","date_gmt":"2023-05-30T18:51:27","guid":{"rendered":"https:\/\/handel-vereinsbedarf.de\/sva\/?post_type=product&#038;p=1212"},"modified":"2024-05-30T14:09:16","modified_gmt":"2024-05-30T12:09:16","slug":"essential-coach-jacke","status":"publish","type":"product","link":"https:\/\/handel-vereinsbedarf.de\/sva\/produkt\/essential-coach-jacke\/","title":{"rendered":"Essential Coach Jacke"},"content":{"rendered":"<ul>\n<li><strong>Stehkragen mit integrierter verstaubarer Kapuze<\/strong><\/li>\n<li><strong>Flauschige Innenseite im Kragen<\/strong><\/li>\n<li><strong>Wasserabweisendes Coating, 600mm Wassers\u00e4ule<\/strong><\/li>\n<li><strong>Zwei Rei\u00dfverschlusstaschen<\/strong><\/li>\n<li><strong>Verstellbare Kordel mit Stopper im Bund<\/strong><\/li>\n<li><strong>Innentasche<\/strong><\/li>\n<li><strong>Wattierte Coachjacke<\/strong><\/li>\n<li><strong>Rei\u00dfverschluss im R\u00fcckteil f\u00fcr Beflockung<\/strong><\/li>\n<\/ul>\n<p><strong>Material: 100% Polyester, 600mm Wassers\u00e4ule<br \/>\nFutter: 100% Polyester<br \/>\nWattierung: 100% Polyester<\/strong><\/p>\n<p><strong>Gr\u00f6\u00dfe: 128 \/ 140 \/ 152 \/ 164 \/ S \/ M \/ L \/ XL \/ XXL \/ XXXL<\/strong><\/p>\n","protected":false},"excerpt":{"rendered":"<p>Stehkragen mit integrierter verstaubarer Kapuze Flauschige Innenseite im Kragen Wasserabweisendes Coating, 600mm Wassers\u00e4ule Zwei Rei\u00dfverschlusstaschen Verstellbare Kordel mit Stopper im Bund Innentasche Wattierte Coachjacke Rei\u00dfverschluss im R\u00fcckteil f\u00fcr Beflockung Material: 100% Polyester, 600mm Wassers\u00e4ule Futter: 100% Polyester Wattierung: 100% Polyester Gr\u00f6\u00dfe: 128 \/ 140 \/ 152 \/ 164 \/ S \/ M \/ L \/ [&hellip;]<\/p>\n","protected":false},"featured_media":1236,"template":"","meta":[],"product_brand":[],"product_cat":[63,64,54,65,66],"product_tag":[],"class_list":{"0":"post-1212","1":"product","2":"type-product","3":"status-publish","4":"has-post-thumbnail","6":"product_cat-aktive","7":"product_cat-jugend","8":"product_cat-oberteile","9":"product_cat-oberteile-jugend","10":"product_cat-oberteile-aktive","12":"first","13":"instock","14":"taxable","15":"shipping-taxable","16":"purchasable","17":"product-type-variable"},"_links":{"self":[{"href":"https:\/\/handel-vereinsbedarf.de\/sva\/wp-json\/wp\/v2\/product\/1212","targetHints":{"allow":["GET"]}}],"collection":[{"href":"https:\/\/handel-vereinsbedarf.de\/sva\/wp-json\/wp\/v2\/product"}],"about":[{"href":"https:\/\/handel-vereinsbedarf.de\/sva\/wp-json\/wp\/v2\/types\/product"}],"wp:featuredmedia":[{"embeddable":true,"href":"https:\/\/handel-vereinsbedarf.de\/sva\/wp-json\/wp\/v2\/media\/1236"}],"wp:attachment":[{"href":"https:\/\/handel-vereinsbedarf.de\/sva\/wp-json\/wp\/v2\/media?parent=1212"}],"wp:term":[{"taxonomy":"product_brand","embeddable":true,"href":"https:\/\/handel-vereinsbedarf.de\/sva\/wp-json\/wp\/v2\/product_brand?post=1212"},{"taxonomy":"product_cat","embeddable":true,"href":"https:\/\/handel-vereinsbedarf.de\/sva\/wp-json\/wp\/v2\/product_cat?post=1212"},{"taxonomy":"product_tag","embeddable":true,"href":"https:\/\/handel-vereinsbedarf.de\/sva\/wp-json\/wp\/v2\/product_tag?post=1212"}],"curies":[{"name":"wp","href":"https:\/\/api.w.org\/{rel}","templated":true}]}}