{"id":1672,"date":"2024-07-10T17:07:16","date_gmt":"2024-07-10T15:07:16","guid":{"rendered":"https:\/\/handel-vereinsbedarf.de\/sva\/?post_type=product&#038;p=1672"},"modified":"2024-07-10T17:07:23","modified_gmt":"2024-07-10T15:07:23","slug":"squad-27-classic-jacke","status":"publish","type":"product","link":"https:\/\/handel-vereinsbedarf.de\/sva\/produkt\/squad-27-classic-jacke\/","title":{"rendered":"Squad 27 Classic Jacke"},"content":{"rendered":"<ul>\n<li><strong>Stehkragen<\/strong><\/li>\n<li><strong>Kontrastfarbene Eins\u00e4tze<\/strong><\/li>\n<li><strong>uhlsport-Druck<\/strong><\/li>\n<li><strong>smartbreathe FIT<\/strong><\/li>\n<li><strong>Einfassband an \u00c4rmel und Saum<\/strong><\/li>\n<li><strong>Zippergarage<\/strong><\/li>\n<li><strong>Unisex Schnitt<\/strong><\/li>\n<li><strong>zwei Seitliche Taschen mit Rei\u00dfverschluss<\/strong><\/li>\n<li><strong>Hergestellt aus recyceltem Poliester (&#8222;FOR THE PLANET&#8220;)<\/strong><\/li>\n<\/ul>\n<p><strong>Material: 100% Polyester (recycelt)<\/strong><\/p>\n<p><strong>Gr\u00f6\u00dfe: 116 \/ 128 \/ 140 \/ 152 \/ 164 \/ S \/ M \/ L \/ XL \/ XXL \/ XXXL \/XXXXL<\/strong><\/p>\n","protected":false},"excerpt":{"rendered":"<p>Stehkragen Kontrastfarbene Eins\u00e4tze uhlsport-Druck smartbreathe FIT Einfassband an \u00c4rmel und Saum Zippergarage Unisex Schnitt zwei Seitliche Taschen mit Rei\u00dfverschluss Hergestellt aus recyceltem Poliester (&#8222;FOR THE PLANET&#8220;) Material: 100% Polyester (recycelt) Gr\u00f6\u00dfe: 116 \/ 128 \/ 140 \/ 152 \/ 164 \/ S \/ M \/ L \/ XL \/ XXL \/ XXXL \/XXXXL<\/p>\n","protected":false},"featured_media":2007,"template":"","meta":[],"product_brand":[],"product_cat":[54,15],"product_tag":[],"class_list":{"0":"post-1672","1":"product","2":"type-product","3":"status-publish","4":"has-post-thumbnail","6":"product_cat-oberteile","7":"product_cat-unkategorisiert","9":"first","10":"instock","11":"taxable","12":"shipping-taxable","13":"purchasable","14":"product-type-variable"},"_links":{"self":[{"href":"https:\/\/handel-vereinsbedarf.de\/sva\/wp-json\/wp\/v2\/product\/1672","targetHints":{"allow":["GET"]}}],"collection":[{"href":"https:\/\/handel-vereinsbedarf.de\/sva\/wp-json\/wp\/v2\/product"}],"about":[{"href":"https:\/\/handel-vereinsbedarf.de\/sva\/wp-json\/wp\/v2\/types\/product"}],"wp:featuredmedia":[{"embeddable":true,"href":"https:\/\/handel-vereinsbedarf.de\/sva\/wp-json\/wp\/v2\/media\/2007"}],"wp:attachment":[{"href":"https:\/\/handel-vereinsbedarf.de\/sva\/wp-json\/wp\/v2\/media?parent=1672"}],"wp:term":[{"taxonomy":"product_brand","embeddable":true,"href":"https:\/\/handel-vereinsbedarf.de\/sva\/wp-json\/wp\/v2\/product_brand?post=1672"},{"taxonomy":"product_cat","embeddable":true,"href":"https:\/\/handel-vereinsbedarf.de\/sva\/wp-json\/wp\/v2\/product_cat?post=1672"},{"taxonomy":"product_tag","embeddable":true,"href":"https:\/\/handel-vereinsbedarf.de\/sva\/wp-json\/wp\/v2\/product_tag?post=1672"}],"curies":[{"name":"wp","href":"https:\/\/api.w.org\/{rel}","templated":true}]}}