{"id":1759,"date":"2025-08-21T09:03:43","date_gmt":"2025-08-21T07:03:43","guid":{"rendered":"https:\/\/handel-vereinsbedarf.de\/sva\/?post_type=product&#038;p=1759"},"modified":"2025-08-21T09:03:43","modified_gmt":"2025-08-21T07:03:43","slug":"essential-training-top-2","status":"publish","type":"product","link":"https:\/\/handel-vereinsbedarf.de\/sva\/produkt\/essential-training-top-2\/","title":{"rendered":"Essential Training Top"},"content":{"rendered":"<ul>\n<li><strong>Elastische Rippe am Kragen<\/strong><\/li>\n<li><strong>Elastische Rippe am \u00c4rmel<\/strong><\/li>\n<li><strong>uhlsport-Druck auf der Brust<\/strong><\/li>\n<\/ul>\n<p><strong>Material: 100% Polyester<\/strong><\/p>\n<p><strong>Gr\u00f6\u00dfe: 116 \/ 128 \/ 140 \/ 152 \/ 164 \/ S \/ M \/ L \/ XL \/ XXL \/ XXXL \/XXXXL \/ XXXXXL<\/strong><\/p>\n","protected":false},"excerpt":{"rendered":"<p>Elastische Rippe am Kragen Elastische Rippe am \u00c4rmel uhlsport-Druck auf der Brust Material: 100% Polyester Gr\u00f6\u00dfe: 116 \/ 128 \/ 140 \/ 152 \/ 164 \/ S \/ M \/ L \/ XL \/ XXL \/ XXXL \/XXXXL \/ XXXXXL<\/p>\n","protected":false},"featured_media":1993,"template":"","meta":[],"product_brand":[],"product_cat":[15],"product_tag":[],"class_list":{"0":"post-1759","1":"product","2":"type-product","3":"status-publish","4":"has-post-thumbnail","6":"product_cat-unkategorisiert","8":"first","9":"instock","10":"taxable","11":"shipping-taxable","12":"purchasable","13":"product-type-variable"},"_links":{"self":[{"href":"https:\/\/handel-vereinsbedarf.de\/sva\/wp-json\/wp\/v2\/product\/1759","targetHints":{"allow":["GET"]}}],"collection":[{"href":"https:\/\/handel-vereinsbedarf.de\/sva\/wp-json\/wp\/v2\/product"}],"about":[{"href":"https:\/\/handel-vereinsbedarf.de\/sva\/wp-json\/wp\/v2\/types\/product"}],"wp:featuredmedia":[{"embeddable":true,"href":"https:\/\/handel-vereinsbedarf.de\/sva\/wp-json\/wp\/v2\/media\/1993"}],"wp:attachment":[{"href":"https:\/\/handel-vereinsbedarf.de\/sva\/wp-json\/wp\/v2\/media?parent=1759"}],"wp:term":[{"taxonomy":"product_brand","embeddable":true,"href":"https:\/\/handel-vereinsbedarf.de\/sva\/wp-json\/wp\/v2\/product_brand?post=1759"},{"taxonomy":"product_cat","embeddable":true,"href":"https:\/\/handel-vereinsbedarf.de\/sva\/wp-json\/wp\/v2\/product_cat?post=1759"},{"taxonomy":"product_tag","embeddable":true,"href":"https:\/\/handel-vereinsbedarf.de\/sva\/wp-json\/wp\/v2\/product_tag?post=1759"}],"curies":[{"name":"wp","href":"https:\/\/api.w.org\/{rel}","templated":true}]}}