{"id":1787,"date":"2024-07-10T16:28:18","date_gmt":"2024-07-10T14:28:18","guid":{"rendered":"https:\/\/handel-vereinsbedarf.de\/sva\/?post_type=product&#038;p=1787"},"modified":"2025-03-17T17:28:17","modified_gmt":"2025-03-17T16:28:17","slug":"team-t-shirt","status":"publish","type":"product","link":"https:\/\/handel-vereinsbedarf.de\/sva\/produkt\/team-t-shirt\/","title":{"rendered":"Team T-Shirt"},"content":{"rendered":"<ul>\n<li><strong>Baumwoll-Trainings-T-Shirt mit Rundhalsausschnitt<\/strong><\/li>\n<li><strong>uhlsport-Label auf dem \u00c4rmel<\/strong><\/li>\n<\/ul>\n<p><strong>Material: 100% Baumwolle, Single Jersey<\/strong><\/p>\n<p><strong>Gr\u00f6\u00dfe: 116 \/ 128 \/ 140 \/ 152 \/ 164 \/ S \/ M \/ L \/ XL \/ XXL \/ XXXL \/XXXXL \/ XXXXXL<\/strong><\/p>\n","protected":false},"excerpt":{"rendered":"<p>Baumwoll-Trainings-T-Shirt mit Rundhalsausschnitt uhlsport-Label auf dem \u00c4rmel Material: 100% Baumwolle, Single Jersey Gr\u00f6\u00dfe: 116 \/ 128 \/ 140 \/ 152 \/ 164 \/ S \/ M \/ L \/ XL \/ XXL \/ XXXL \/XXXXL \/ XXXXXL<\/p>\n","protected":false},"featured_media":1990,"template":"","meta":[],"product_brand":[],"product_cat":[15],"product_tag":[],"class_list":{"0":"post-1787","1":"product","2":"type-product","3":"status-publish","4":"has-post-thumbnail","6":"product_cat-unkategorisiert","8":"first","9":"instock","10":"taxable","11":"shipping-taxable","12":"purchasable","13":"product-type-variable"},"_links":{"self":[{"href":"https:\/\/handel-vereinsbedarf.de\/sva\/wp-json\/wp\/v2\/product\/1787","targetHints":{"allow":["GET"]}}],"collection":[{"href":"https:\/\/handel-vereinsbedarf.de\/sva\/wp-json\/wp\/v2\/product"}],"about":[{"href":"https:\/\/handel-vereinsbedarf.de\/sva\/wp-json\/wp\/v2\/types\/product"}],"wp:featuredmedia":[{"embeddable":true,"href":"https:\/\/handel-vereinsbedarf.de\/sva\/wp-json\/wp\/v2\/media\/1990"}],"wp:attachment":[{"href":"https:\/\/handel-vereinsbedarf.de\/sva\/wp-json\/wp\/v2\/media?parent=1787"}],"wp:term":[{"taxonomy":"product_brand","embeddable":true,"href":"https:\/\/handel-vereinsbedarf.de\/sva\/wp-json\/wp\/v2\/product_brand?post=1787"},{"taxonomy":"product_cat","embeddable":true,"href":"https:\/\/handel-vereinsbedarf.de\/sva\/wp-json\/wp\/v2\/product_cat?post=1787"},{"taxonomy":"product_tag","embeddable":true,"href":"https:\/\/handel-vereinsbedarf.de\/sva\/wp-json\/wp\/v2\/product_tag?post=1787"}],"curies":[{"name":"wp","href":"https:\/\/api.w.org\/{rel}","templated":true}]}}