{"id":1815,"date":"2024-07-10T17:12:31","date_gmt":"2024-07-10T15:12:31","guid":{"rendered":"https:\/\/handel-vereinsbedarf.de\/sva\/?post_type=product&#038;p=1815"},"modified":"2024-09-08T21:42:55","modified_gmt":"2024-09-08T19:42:55","slug":"essential-softshelljacke","status":"publish","type":"product","link":"https:\/\/handel-vereinsbedarf.de\/sva\/produkt\/essential-softshelljacke\/","title":{"rendered":"Essential Softshelljacke"},"content":{"rendered":"<ul>\n<li><strong>Kapuze mit elastischer Kordel (nur S &#8211; 4XL)<\/strong><\/li>\n<li><strong>Reflektierender uhlsport-Schriftzug auf der rechten Seite<\/strong><\/li>\n<li><strong>Hergestellt aus recyceltem Polyester (&#8222;FOR THE PLANET&#8220;)<\/strong><\/li>\n<li><strong>Rei\u00dfverschlusstasche in Brusth\u00f6he<\/strong><\/li>\n<li><strong>Funktionales Softshellmaterial<\/strong><\/li>\n<li><strong>Zwei Rei\u00dfverschlusstaschen<\/strong><\/li>\n<\/ul>\n<p><strong>Material: 100% Polyester (recycelt)<\/strong><\/p>\n<p><strong>Gr\u00f6\u00dfe: 116 \/ 128 \/ 140 \/ 152 \/ 164 \/ S \/ M \/ L \/ XL \/ XXL \/ XXXL \/XXXXL<\/strong><\/p>\n","protected":false},"excerpt":{"rendered":"<p>Kapuze mit elastischer Kordel (nur S &#8211; 4XL) Reflektierender uhlsport-Schriftzug auf der rechten Seite Hergestellt aus recyceltem Polyester (&#8222;FOR THE PLANET&#8220;) Rei\u00dfverschlusstasche in Brusth\u00f6he Funktionales Softshellmaterial Zwei Rei\u00dfverschlusstaschen Material: 100% Polyester (recycelt) Gr\u00f6\u00dfe: 116 \/ 128 \/ 140 \/ 152 \/ 164 \/ S \/ M \/ L \/ XL \/ XXL \/ XXXL \/XXXXL<\/p>\n","protected":false},"featured_media":2019,"template":"","meta":[],"product_brand":[],"product_cat":[54,15],"product_tag":[],"class_list":{"0":"post-1815","1":"product","2":"type-product","3":"status-publish","4":"has-post-thumbnail","6":"product_cat-oberteile","7":"product_cat-unkategorisiert","9":"first","10":"instock","11":"taxable","12":"shipping-taxable","13":"purchasable","14":"product-type-variable"},"_links":{"self":[{"href":"https:\/\/handel-vereinsbedarf.de\/sva\/wp-json\/wp\/v2\/product\/1815","targetHints":{"allow":["GET"]}}],"collection":[{"href":"https:\/\/handel-vereinsbedarf.de\/sva\/wp-json\/wp\/v2\/product"}],"about":[{"href":"https:\/\/handel-vereinsbedarf.de\/sva\/wp-json\/wp\/v2\/types\/product"}],"wp:featuredmedia":[{"embeddable":true,"href":"https:\/\/handel-vereinsbedarf.de\/sva\/wp-json\/wp\/v2\/media\/2019"}],"wp:attachment":[{"href":"https:\/\/handel-vereinsbedarf.de\/sva\/wp-json\/wp\/v2\/media?parent=1815"}],"wp:term":[{"taxonomy":"product_brand","embeddable":true,"href":"https:\/\/handel-vereinsbedarf.de\/sva\/wp-json\/wp\/v2\/product_brand?post=1815"},{"taxonomy":"product_cat","embeddable":true,"href":"https:\/\/handel-vereinsbedarf.de\/sva\/wp-json\/wp\/v2\/product_cat?post=1815"},{"taxonomy":"product_tag","embeddable":true,"href":"https:\/\/handel-vereinsbedarf.de\/sva\/wp-json\/wp\/v2\/product_tag?post=1815"}],"curies":[{"name":"wp","href":"https:\/\/api.w.org\/{rel}","templated":true}]}}