{"id":1850,"date":"2024-07-10T17:12:59","date_gmt":"2024-07-10T15:12:59","guid":{"rendered":"https:\/\/handel-vereinsbedarf.de\/sva\/?post_type=product&#038;p=1850"},"modified":"2024-07-10T17:13:00","modified_gmt":"2024-07-10T15:13:00","slug":"id-kapuzenjacke-jogging","status":"publish","type":"product","link":"https:\/\/handel-vereinsbedarf.de\/sva\/produkt\/id-kapuzenjacke-jogging\/","title":{"rendered":"ID Kapuzenjacke (Jogging)"},"content":{"rendered":"<ul>\n<li><strong>Hochabschlie\u00dfender Kragen mit Kapuze<\/strong><\/li>\n<li><strong>Raglan<\/strong><\/li>\n<li><strong>Unisex Schnitt<\/strong><\/li>\n<li><strong>Einfassband am \u00c4rmel und Saum<\/strong><\/li>\n<li><strong>uhlsport-Druck<\/strong><\/li>\n<li><strong>Seitliche Rei\u00dfverschlusstaschen<\/strong><\/li>\n<li><b>Hergestellt aus recyceltem Polyester\/Baumwoll-Material-Mix (&#8222;FOR TEH PLANET&#8220;)<\/b><\/li>\n<\/ul>\n<p><strong>Material: 72% Baumwolle (BIO), 28% Polyester (Recycelt)<\/strong><\/p>\n<p><strong>Gr\u00f6\u00dfe: 128 \/ 140 \/ 152 \/ 164 \/ S \/ M \/ L \/ XL \/ XXL \/ XXXL \/ XXXXL<\/strong><\/p>\n","protected":false},"excerpt":{"rendered":"<p>Hochabschlie\u00dfender Kragen mit Kapuze Raglan Unisex Schnitt Einfassband am \u00c4rmel und Saum uhlsport-Druck Seitliche Rei\u00dfverschlusstaschen Hergestellt aus recyceltem Polyester\/Baumwoll-Material-Mix (&#8222;FOR TEH PLANET&#8220;) Material: 72% Baumwolle (BIO), 28% Polyester (Recycelt) Gr\u00f6\u00dfe: 128 \/ 140 \/ 152 \/ 164 \/ S \/ M \/ L \/ XL \/ XXL \/ XXXL \/ XXXXL<\/p>\n","protected":false},"featured_media":2023,"template":"","meta":[],"product_brand":[],"product_cat":[54,15],"product_tag":[],"class_list":{"0":"post-1850","1":"product","2":"type-product","3":"status-publish","4":"has-post-thumbnail","6":"product_cat-oberteile","7":"product_cat-unkategorisiert","9":"first","10":"instock","11":"taxable","12":"shipping-taxable","13":"purchasable","14":"product-type-variable"},"_links":{"self":[{"href":"https:\/\/handel-vereinsbedarf.de\/sva\/wp-json\/wp\/v2\/product\/1850","targetHints":{"allow":["GET"]}}],"collection":[{"href":"https:\/\/handel-vereinsbedarf.de\/sva\/wp-json\/wp\/v2\/product"}],"about":[{"href":"https:\/\/handel-vereinsbedarf.de\/sva\/wp-json\/wp\/v2\/types\/product"}],"wp:featuredmedia":[{"embeddable":true,"href":"https:\/\/handel-vereinsbedarf.de\/sva\/wp-json\/wp\/v2\/media\/2023"}],"wp:attachment":[{"href":"https:\/\/handel-vereinsbedarf.de\/sva\/wp-json\/wp\/v2\/media?parent=1850"}],"wp:term":[{"taxonomy":"product_brand","embeddable":true,"href":"https:\/\/handel-vereinsbedarf.de\/sva\/wp-json\/wp\/v2\/product_brand?post=1850"},{"taxonomy":"product_cat","embeddable":true,"href":"https:\/\/handel-vereinsbedarf.de\/sva\/wp-json\/wp\/v2\/product_cat?post=1850"},{"taxonomy":"product_tag","embeddable":true,"href":"https:\/\/handel-vereinsbedarf.de\/sva\/wp-json\/wp\/v2\/product_tag?post=1850"}],"curies":[{"name":"wp","href":"https:\/\/api.w.org\/{rel}","templated":true}]}}