{"id":2405,"date":"2025-08-20T15:43:13","date_gmt":"2025-08-20T13:43:13","guid":{"rendered":"https:\/\/handel-vereinsbedarf.de\/sva\/?post_type=product&#038;p=2405"},"modified":"2025-08-20T15:43:13","modified_gmt":"2025-08-20T13:43:13","slug":"team-pro-player-stutzenstrumpf-4","status":"publish","type":"product","link":"https:\/\/handel-vereinsbedarf.de\/sva\/produkt\/team-pro-player-stutzenstrumpf-4\/","title":{"rendered":"Team Pro Player Stutzenstrumpf"},"content":{"rendered":"<ul>\n<li><strong>Mesh f\u00fcr verbesserte Ventilation<\/strong><\/li>\n<li><strong>Links und rechts: anatomische Passform und angenehmer Tragekomfort<\/strong><\/li>\n<li><strong>Anatomisch angeordnete D\u00e4mpfungseins\u00e4tze<\/strong><\/li>\n<li><b>Baumwollfu\u00df<\/b><\/li>\n<\/ul>\n<p><strong>Material: 73% Polyester, 19% Baumwolle, 5% Polyamid, 2% Polypropylen, 1% Elasthan<\/strong><\/p>\n<p><strong>Gr\u00f6\u00dfe: 28-32, 33-36, 37-40, 41-44, 45,47<\/strong><\/p>\n","protected":false},"excerpt":{"rendered":"<p>Mesh f\u00fcr verbesserte Ventilation Links und rechts: anatomische Passform und angenehmer Tragekomfort Anatomisch angeordnete D\u00e4mpfungseins\u00e4tze Baumwollfu\u00df Material: 73% Polyester, 19% Baumwolle, 5% Polyamid, 2% Polypropylen, 1% Elasthan Gr\u00f6\u00dfe: 28-32, 33-36, 37-40, 41-44, 45,47<\/p>\n","protected":false},"featured_media":2362,"template":"","meta":[],"product_brand":[],"product_cat":[51,15],"product_tag":[],"class_list":{"0":"post-2405","1":"product","2":"type-product","3":"status-publish","4":"has-post-thumbnail","6":"product_cat-accessoires","7":"product_cat-unkategorisiert","9":"first","10":"instock","11":"taxable","12":"shipping-taxable","13":"purchasable","14":"product-type-variable"},"_links":{"self":[{"href":"https:\/\/handel-vereinsbedarf.de\/sva\/wp-json\/wp\/v2\/product\/2405","targetHints":{"allow":["GET"]}}],"collection":[{"href":"https:\/\/handel-vereinsbedarf.de\/sva\/wp-json\/wp\/v2\/product"}],"about":[{"href":"https:\/\/handel-vereinsbedarf.de\/sva\/wp-json\/wp\/v2\/types\/product"}],"wp:featuredmedia":[{"embeddable":true,"href":"https:\/\/handel-vereinsbedarf.de\/sva\/wp-json\/wp\/v2\/media\/2362"}],"wp:attachment":[{"href":"https:\/\/handel-vereinsbedarf.de\/sva\/wp-json\/wp\/v2\/media?parent=2405"}],"wp:term":[{"taxonomy":"product_brand","embeddable":true,"href":"https:\/\/handel-vereinsbedarf.de\/sva\/wp-json\/wp\/v2\/product_brand?post=2405"},{"taxonomy":"product_cat","embeddable":true,"href":"https:\/\/handel-vereinsbedarf.de\/sva\/wp-json\/wp\/v2\/product_cat?post=2405"},{"taxonomy":"product_tag","embeddable":true,"href":"https:\/\/handel-vereinsbedarf.de\/sva\/wp-json\/wp\/v2\/product_tag?post=2405"}],"curies":[{"name":"wp","href":"https:\/\/api.w.org\/{rel}","templated":true}]}}