{"id":2602,"date":"2025-11-05T18:47:17","date_gmt":"2025-11-05T17:47:17","guid":{"rendered":"https:\/\/handel-vereinsbedarf.de\/sva\/?post_type=product&#038;p=2602"},"modified":"2025-12-10T18:23:24","modified_gmt":"2025-12-10T17:23:24","slug":"winterset-strickmuetze-50-auf-uvp","status":"publish","type":"product","link":"https:\/\/handel-vereinsbedarf.de\/sva\/produkt\/winterset-strickmuetze-50-auf-uvp\/","title":{"rendered":"Winterset Strickm\u00fctze"},"content":{"rendered":"<p><strong>Strickm\u00fctze:<\/strong><\/p>\n<ul>\n<li><strong>Strickm\u00fctze mit gestickter Au\u00dfenseite<\/strong><\/li>\n<li><strong>Innenseite: Polar-Fleece<\/strong><\/li>\n<\/ul>\n<p><strong>Material: 90% Polyacryl \/ 10% Polyester<\/strong><\/p>\n<p><strong>Gr\u00f6\u00dfe: Einheitsgr\u00f6\u00dfe<\/strong><\/p>\n<p>&nbsp;<\/p>\n<p><strong>Feldspielerhandschuh:<\/strong><\/p>\n<ul>\n<li><strong>Elastischer Einschub<\/strong><\/li>\n<li><strong>Feldspielerhandschuh mit Micro-Grip Profil<\/strong><\/li>\n<li><strong>Innenbereich Polyester-Fleece<\/strong><\/li>\n<\/ul>\n<p><strong>Material: 100% Polyester Fleece<\/strong><\/p>\n<p><strong>Gr\u00f6\u00dfe: 2 \/ 3 \/ 4 \/ 5 \/ 6 \/ 7 \/ 8 \/ 9 \/ 10 \/ 11<\/strong><\/p>\n<p>&nbsp;<\/p>\n<p><strong>Neckwarmer:<\/strong><\/p>\n<ul>\n<li><strong>Ventilationsl\u00f6cher<\/strong><\/li>\n<li><strong>Reflektierender Schriftzug<\/strong><\/li>\n<li><strong>Hergestellt aus recyceltem Material (&#8222;FOR THE PLANET&#8220;)<\/strong><\/li>\n<\/ul>\n<p><strong>Material: 94% Polyamid (recycelt), 6% Elasthan<\/strong><\/p>\n<p><strong>Gr\u00f6\u00dfe: Einheitsgr\u00f6\u00dfe<\/strong><\/p>\n","protected":false},"excerpt":{"rendered":"<p>Strickm\u00fctze: Strickm\u00fctze mit gestickter Au\u00dfenseite Innenseite: Polar-Fleece Material: 90% Polyacryl \/ 10% Polyester Gr\u00f6\u00dfe: Einheitsgr\u00f6\u00dfe &nbsp; Feldspielerhandschuh: Elastischer Einschub Feldspielerhandschuh mit Micro-Grip Profil Innenbereich Polyester-Fleece Material: 100% Polyester Fleece Gr\u00f6\u00dfe: 2 \/ 3 \/ 4 \/ 5 \/ 6 \/ 7 \/ 8 \/ 9 \/ 10 \/ 11 &nbsp; Neckwarmer: Ventilationsl\u00f6cher Reflektierender Schriftzug Hergestellt [&hellip;]<\/p>\n","protected":false},"featured_media":2637,"template":"","meta":[],"product_brand":[],"product_cat":[51,15],"product_tag":[],"class_list":{"0":"post-2602","1":"product","2":"type-product","3":"status-publish","4":"has-post-thumbnail","6":"product_cat-accessoires","7":"product_cat-unkategorisiert","9":"first","10":"instock","11":"taxable","12":"shipping-taxable","13":"purchasable","14":"product-type-variable"},"_links":{"self":[{"href":"https:\/\/handel-vereinsbedarf.de\/sva\/wp-json\/wp\/v2\/product\/2602","targetHints":{"allow":["GET"]}}],"collection":[{"href":"https:\/\/handel-vereinsbedarf.de\/sva\/wp-json\/wp\/v2\/product"}],"about":[{"href":"https:\/\/handel-vereinsbedarf.de\/sva\/wp-json\/wp\/v2\/types\/product"}],"wp:featuredmedia":[{"embeddable":true,"href":"https:\/\/handel-vereinsbedarf.de\/sva\/wp-json\/wp\/v2\/media\/2637"}],"wp:attachment":[{"href":"https:\/\/handel-vereinsbedarf.de\/sva\/wp-json\/wp\/v2\/media?parent=2602"}],"wp:term":[{"taxonomy":"product_brand","embeddable":true,"href":"https:\/\/handel-vereinsbedarf.de\/sva\/wp-json\/wp\/v2\/product_brand?post=2602"},{"taxonomy":"product_cat","embeddable":true,"href":"https:\/\/handel-vereinsbedarf.de\/sva\/wp-json\/wp\/v2\/product_cat?post=2602"},{"taxonomy":"product_tag","embeddable":true,"href":"https:\/\/handel-vereinsbedarf.de\/sva\/wp-json\/wp\/v2\/product_tag?post=2602"}],"curies":[{"name":"wp","href":"https:\/\/api.w.org\/{rel}","templated":true}]}}