{"id":2233,"date":"2025-11-26T18:29:04","date_gmt":"2025-11-26T17:29:04","guid":{"rendered":"https:\/\/handel-vereinsbedarf.de\/svu\/?post_type=product&#038;p=2233"},"modified":"2025-11-26T18:29:05","modified_gmt":"2025-11-26T17:29:05","slug":"beanie","status":"publish","type":"product","link":"https:\/\/handel-vereinsbedarf.de\/svu\/produkt\/beanie\/","title":{"rendered":"Beanie"},"content":{"rendered":"<ul>\n<li><strong>Sehr leichte Trainingsm\u00fctze<\/strong><\/li>\n<li><strong>Strucktur innen<\/strong><\/li>\n<\/ul>\n<p><strong>Material: 95% Polyester \/ 5% Elasthan<\/strong><\/p>\n<p><strong>Gr\u00f6\u00dfe: Einheitsgr\u00f6\u00dfe<\/strong><\/p>\n","protected":false},"excerpt":{"rendered":"<p>Sehr leichte Trainingsm\u00fctze Strucktur innen Material: 95% Polyester \/ 5% Elasthan Gr\u00f6\u00dfe: Einheitsgr\u00f6\u00dfe<\/p>\n","protected":false},"featured_media":2201,"template":"","meta":[],"product_brand":[],"product_cat":[51,15],"product_tag":[],"class_list":{"0":"post-2233","1":"product","2":"type-product","3":"status-publish","4":"has-post-thumbnail","6":"product_cat-accessoires","7":"product_cat-unkategorisiert","9":"first","10":"instock","11":"taxable","12":"shipping-taxable","13":"purchasable","14":"product-type-simple"},"_links":{"self":[{"href":"https:\/\/handel-vereinsbedarf.de\/svu\/wp-json\/wp\/v2\/product\/2233","targetHints":{"allow":["GET"]}}],"collection":[{"href":"https:\/\/handel-vereinsbedarf.de\/svu\/wp-json\/wp\/v2\/product"}],"about":[{"href":"https:\/\/handel-vereinsbedarf.de\/svu\/wp-json\/wp\/v2\/types\/product"}],"wp:featuredmedia":[{"embeddable":true,"href":"https:\/\/handel-vereinsbedarf.de\/svu\/wp-json\/wp\/v2\/media\/2201"}],"wp:attachment":[{"href":"https:\/\/handel-vereinsbedarf.de\/svu\/wp-json\/wp\/v2\/media?parent=2233"}],"wp:term":[{"taxonomy":"product_brand","embeddable":true,"href":"https:\/\/handel-vereinsbedarf.de\/svu\/wp-json\/wp\/v2\/product_brand?post=2233"},{"taxonomy":"product_cat","embeddable":true,"href":"https:\/\/handel-vereinsbedarf.de\/svu\/wp-json\/wp\/v2\/product_cat?post=2233"},{"taxonomy":"product_tag","embeddable":true,"href":"https:\/\/handel-vereinsbedarf.de\/svu\/wp-json\/wp\/v2\/product_tag?post=2233"}],"curies":[{"name":"wp","href":"https:\/\/api.w.org\/{rel}","templated":true}]}}