{"id":2274,"date":"2025-12-10T18:11:11","date_gmt":"2025-12-10T17:11:11","guid":{"rendered":"https:\/\/handel-vereinsbedarf.de\/svu\/?post_type=product&#038;p=2274"},"modified":"2025-12-10T18:11:11","modified_gmt":"2025-12-10T17:11:11","slug":"neckwarmer","status":"publish","type":"product","link":"https:\/\/handel-vereinsbedarf.de\/svu\/produkt\/neckwarmer\/","title":{"rendered":"Neckwarmer"},"content":{"rendered":"<p><strong>Neckwarmer:<\/strong><\/p>\n<ul>\n<li><strong>Ventilationsl\u00f6cher<\/strong><\/li>\n<li><strong>Reflektierender Schriftzug<\/strong><\/li>\n<li><strong>Hergestellt aus recyceltem Material (&#8222;FOR THE PLANET&#8220;)<\/strong><\/li>\n<\/ul>\n<p><strong>Material: 94% Polyamid (recycelt), 6% Elasthan<\/strong><\/p>\n<p><strong>Gr\u00f6\u00dfe: Einheitsgr\u00f6\u00dfe<\/strong><\/p>\n","protected":false},"excerpt":{"rendered":"<p>Neckwarmer: Ventilationsl\u00f6cher Reflektierender Schriftzug Hergestellt aus recyceltem Material (&#8222;FOR THE PLANET&#8220;) Material: 94% Polyamid (recycelt), 6% Elasthan Gr\u00f6\u00dfe: Einheitsgr\u00f6\u00dfe<\/p>\n","protected":false},"featured_media":2204,"template":"","meta":[],"product_brand":[],"product_cat":[51,15],"product_tag":[],"class_list":{"0":"post-2274","1":"product","2":"type-product","3":"status-publish","4":"has-post-thumbnail","6":"product_cat-accessoires","7":"product_cat-unkategorisiert","9":"first","10":"instock","11":"taxable","12":"shipping-taxable","13":"purchasable","14":"product-type-simple"},"_links":{"self":[{"href":"https:\/\/handel-vereinsbedarf.de\/svu\/wp-json\/wp\/v2\/product\/2274","targetHints":{"allow":["GET"]}}],"collection":[{"href":"https:\/\/handel-vereinsbedarf.de\/svu\/wp-json\/wp\/v2\/product"}],"about":[{"href":"https:\/\/handel-vereinsbedarf.de\/svu\/wp-json\/wp\/v2\/types\/product"}],"wp:featuredmedia":[{"embeddable":true,"href":"https:\/\/handel-vereinsbedarf.de\/svu\/wp-json\/wp\/v2\/media\/2204"}],"wp:attachment":[{"href":"https:\/\/handel-vereinsbedarf.de\/svu\/wp-json\/wp\/v2\/media?parent=2274"}],"wp:term":[{"taxonomy":"product_brand","embeddable":true,"href":"https:\/\/handel-vereinsbedarf.de\/svu\/wp-json\/wp\/v2\/product_brand?post=2274"},{"taxonomy":"product_cat","embeddable":true,"href":"https:\/\/handel-vereinsbedarf.de\/svu\/wp-json\/wp\/v2\/product_cat?post=2274"},{"taxonomy":"product_tag","embeddable":true,"href":"https:\/\/handel-vereinsbedarf.de\/svu\/wp-json\/wp\/v2\/product_tag?post=2274"}],"curies":[{"name":"wp","href":"https:\/\/api.w.org\/{rel}","templated":true}]}}